{"id":3136,"date":"2023-07-25T17:42:35","date_gmt":"2023-07-25T16:42:35","guid":{"rendered":"https:\/\/youcat.org\/?page_id=3136"},"modified":"2023-07-25T20:36:54","modified_gmt":"2023-07-25T19:36:54","slug":"missionary-network-newsletter-thank-you","status":"publish","type":"page","link":"https:\/\/youcat.org\/pt\/missionary-network-newsletter-thank-you\/","title":{"rendered":"Missionary Network Newsletter Thank You"},"content":{"rendered":"<h1>Inscri\u00e7\u00e3o confirmada<\/h1>\n\t<p>Sua inscri\u00e7\u00e3o em nossa lista foi confirmada.<\/p>\n\t<h3>Obrigado por subscrever a nossa Missionary Network Newsletter!<\/h3>\n\t<p>Clique nos links abaixo para acessar nossa p\u00e1gina inicial ou d\u00ea uma olhada em nossa Missionary Network!<\/p>\n\t\t\t<a href=\"https:\/\/youcat.org\/pt\/\" target=\"_self\" rel=\"noopener\">\n\t\t\t\t\t\t\tHomepage\n\t\t\t\t\t<\/a>\n\t\t\t<a href=\"https:\/\/youcat.org\/pt\/missionary-network\/\" target=\"_self\" rel=\"noopener\">\n\t\t\t\t\t\t\tMissionary Network\n\t\t\t\t\t<\/a>\n\t\t\t\t<img loading=\"lazy\" decoding=\"async\" src=\"https:\/\/youcat.org\/wp-content\/uploads\/2023\/07\/yc-arrow-to-right.svg\" alt=\"yc-arrow-to-right\" itemprop=\"image\" height=\"86\" width=\"567\" title=\"yc-arrow-to-right\" onerror=\"this.style.display='none'\"  \/>\n\t\t\t\t<img loading=\"lazy\" decoding=\"async\" src=\"https:\/\/youcat.org\/wp-content\/uploads\/2023\/07\/yc-arrow-to-left.svg\" alt=\"yc-arrow-to-left\" itemprop=\"image\" height=\"86\" width=\"567\" title=\"yc-arrow-to-left\" onerror=\"this.style.display='none'\"  \/>\n\t\t\t\t<img loading=\"lazy\" decoding=\"async\" src=\"https:\/\/youcat.org\/wp-content\/uploads\/2023\/07\/YOUCAT-book-cover.png\" alt=\"YOUCAT capa do livro\" itemprop=\"image\" height=\"700\" width=\"427\" title=\"YOUCAT capa do livro\" onerror=\"this.style.display='none'\"  \/>\n\t<p>Novo<\/p>\n\t<h2><strong>Catequese Dialogal<\/strong><\/h2>\n<p>Um conceito inovador para uma nova pr\u00e1tica<\/p>\n\t\t\t<a href=\"https:\/\/youcat.org\/pt\/produtos\/dialogical-catechesis\/\" target=\"_self\" rel=\"noopener\">\n\t\t\t\t\t\t\tEcomendar\n\t\t\t<\/a>","protected":false},"excerpt":{"rendered":"<p>Subscription Confirmed Your subscription to our list has been confirmed. Thank You for subscribing to our Missionary Network Newsletter! Click the links below, to get to our homepage or take a look at our Missionary Network! Homepage Missionary Network New Dialogical Catechesis An Innovative Concept for Practice Preorder now<\/p>","protected":false},"author":6,"featured_media":0,"parent":0,"menu_order":0,"comment_status":"closed","ping_status":"closed","template":"","meta":{"_acf_changed":false,"inline_featured_image":false,"footnotes":""},"class_list":["post-3136","page","type-page","status-publish","hentry"],"acf":[],"yoast_head":"<!-- This site is optimized with the Yoast SEO plugin v27.4 - https:\/\/yoast.com\/product\/yoast-seo-wordpress\/ -->\n<title>Missionary Network Newsletter Thank You - YOUCAT<\/title>\n<meta name=\"robots\" content=\"index, follow, max-snippet:-1, max-image-preview:large, max-video-preview:-1\" \/>\n<link rel=\"canonical\" href=\"https:\/\/youcat.org\/pt\/missionary-network-newsletter-thank-you\/\" \/>\n<meta property=\"og:locale\" content=\"pt_PT\" \/>\n<meta property=\"og:type\" content=\"article\" \/>\n<meta property=\"og:title\" content=\"Missionary Network Newsletter Thank You - YOUCAT\" \/>\n<meta property=\"og:description\" content=\"Subscription Confirmed Your subscription to our list has been confirmed. Thank You for subscribing to our Missionary Network Newsletter! Click the links below, to get to our homepage or take a look at our Missionary Network! Homepage Missionary Network New Dialogical Catechesis An Innovative Concept for Practice Preorder now\" \/>\n<meta property=\"og:url\" content=\"https:\/\/youcat.org\/pt\/missionary-network-newsletter-thank-you\/\" \/>\n<meta property=\"og:site_name\" content=\"YOUCAT\" \/>\n<meta property=\"article:modified_time\" content=\"2023-07-25T19:36:54+00:00\" \/>\n<meta property=\"og:image\" content=\"https:\/\/youcat.org\/wp-content\/uploads\/2023\/07\/yc-arrow-to-right.svg\" \/>\n<meta name=\"twitter:card\" content=\"summary_large_image\" \/>\n<meta name=\"twitter:label1\" content=\"Tempo estimado de leitura\" \/>\n\t<meta name=\"twitter:data1\" content=\"1 minuto\" \/>\n<script type=\"application\/ld+json\" class=\"yoast-schema-graph\">{\"@context\":\"https:\\\/\\\/schema.org\",\"@graph\":[{\"@type\":\"WebPage\",\"@id\":\"https:\\\/\\\/youcat.org\\\/missionary-network-newsletter-thank-you\\\/\",\"url\":\"https:\\\/\\\/youcat.org\\\/missionary-network-newsletter-thank-you\\\/\",\"name\":\"Missionary Network Newsletter Thank You - YOUCAT\",\"isPartOf\":{\"@id\":\"https:\\\/\\\/youcat.org\\\/#website\"},\"primaryImageOfPage\":{\"@id\":\"https:\\\/\\\/youcat.org\\\/missionary-network-newsletter-thank-you\\\/#primaryimage\"},\"image\":{\"@id\":\"https:\\\/\\\/youcat.org\\\/missionary-network-newsletter-thank-you\\\/#primaryimage\"},\"thumbnailUrl\":\"https:\\\/\\\/youcat.org\\\/wp-content\\\/uploads\\\/2023\\\/07\\\/yc-arrow-to-right.svg\",\"datePublished\":\"2023-07-25T16:42:35+00:00\",\"dateModified\":\"2023-07-25T19:36:54+00:00\",\"breadcrumb\":{\"@id\":\"https:\\\/\\\/youcat.org\\\/missionary-network-newsletter-thank-you\\\/#breadcrumb\"},\"inLanguage\":\"pt-PT\",\"potentialAction\":[{\"@type\":\"ReadAction\",\"target\":[\"https:\\\/\\\/youcat.org\\\/missionary-network-newsletter-thank-you\\\/\"]}]},{\"@type\":\"ImageObject\",\"inLanguage\":\"pt-PT\",\"@id\":\"https:\\\/\\\/youcat.org\\\/missionary-network-newsletter-thank-you\\\/#primaryimage\",\"url\":\"https:\\\/\\\/youcat.org\\\/wp-content\\\/uploads\\\/2023\\\/07\\\/yc-arrow-to-right.svg\",\"contentUrl\":\"https:\\\/\\\/youcat.org\\\/wp-content\\\/uploads\\\/2023\\\/07\\\/yc-arrow-to-right.svg\"},{\"@type\":\"BreadcrumbList\",\"@id\":\"https:\\\/\\\/youcat.org\\\/missionary-network-newsletter-thank-you\\\/#breadcrumb\",\"itemListElement\":[{\"@type\":\"ListItem\",\"position\":1,\"name\":\"\",\"item\":\"https:\\\/\\\/youcat.org\\\/\"},{\"@type\":\"ListItem\",\"position\":2,\"name\":\"Missionary Network Newsletter Thank You\"}]},{\"@type\":\"WebSite\",\"@id\":\"https:\\\/\\\/youcat.org\\\/#website\",\"url\":\"https:\\\/\\\/youcat.org\\\/\",\"name\":\"YOUCAT\",\"description\":\"Der Glaube der katholischen Kirche: anschaulich erkl\u00e4rt, innovativ pr\u00e4sentiert, offiziell best\u00e4tigt.\",\"potentialAction\":[{\"@type\":\"SearchAction\",\"target\":{\"@type\":\"EntryPoint\",\"urlTemplate\":\"https:\\\/\\\/youcat.org\\\/?s={search_term_string}\"},\"query-input\":{\"@type\":\"PropertyValueSpecification\",\"valueRequired\":true,\"valueName\":\"search_term_string\"}}],\"inLanguage\":\"pt-PT\"}]}<\/script>\n<!-- \/ Yoast SEO plugin. -->","yoast_head_json":{"title":"Missionary Network Newsletter Thank You - YOUCAT","robots":{"index":"index","follow":"follow","max-snippet":"max-snippet:-1","max-image-preview":"max-image-preview:large","max-video-preview":"max-video-preview:-1"},"canonical":"https:\/\/youcat.org\/pt\/missionary-network-newsletter-thank-you\/","og_locale":"pt_PT","og_type":"article","og_title":"Missionary Network Newsletter Thank You - YOUCAT","og_description":"Subscription Confirmed Your subscription to our list has been confirmed. Thank You for subscribing to our Missionary Network Newsletter! Click the links below, to get to our homepage or take a look at our Missionary Network! Homepage Missionary Network New Dialogical Catechesis An Innovative Concept for Practice Preorder now","og_url":"https:\/\/youcat.org\/pt\/missionary-network-newsletter-thank-you\/","og_site_name":"YOUCAT","article_modified_time":"2023-07-25T19:36:54+00:00","og_image":[{"url":"https:\/\/youcat.org\/wp-content\/uploads\/2023\/07\/yc-arrow-to-right.svg","type":"","width":"","height":""}],"twitter_card":"summary_large_image","twitter_misc":{"Tempo estimado de leitura":"1 minuto"},"schema":{"@context":"https:\/\/schema.org","@graph":[{"@type":"WebPage","@id":"https:\/\/youcat.org\/missionary-network-newsletter-thank-you\/","url":"https:\/\/youcat.org\/missionary-network-newsletter-thank-you\/","name":"Missionary Network Newsletter Thank You - YOUCAT","isPartOf":{"@id":"https:\/\/youcat.org\/#website"},"primaryImageOfPage":{"@id":"https:\/\/youcat.org\/missionary-network-newsletter-thank-you\/#primaryimage"},"image":{"@id":"https:\/\/youcat.org\/missionary-network-newsletter-thank-you\/#primaryimage"},"thumbnailUrl":"https:\/\/youcat.org\/wp-content\/uploads\/2023\/07\/yc-arrow-to-right.svg","datePublished":"2023-07-25T16:42:35+00:00","dateModified":"2023-07-25T19:36:54+00:00","breadcrumb":{"@id":"https:\/\/youcat.org\/missionary-network-newsletter-thank-you\/#breadcrumb"},"inLanguage":"pt-PT","potentialAction":[{"@type":"ReadAction","target":["https:\/\/youcat.org\/missionary-network-newsletter-thank-you\/"]}]},{"@type":"ImageObject","inLanguage":"pt-PT","@id":"https:\/\/youcat.org\/missionary-network-newsletter-thank-you\/#primaryimage","url":"https:\/\/youcat.org\/wp-content\/uploads\/2023\/07\/yc-arrow-to-right.svg","contentUrl":"https:\/\/youcat.org\/wp-content\/uploads\/2023\/07\/yc-arrow-to-right.svg"},{"@type":"BreadcrumbList","@id":"https:\/\/youcat.org\/missionary-network-newsletter-thank-you\/#breadcrumb","itemListElement":[{"@type":"ListItem","position":1,"name":"","item":"https:\/\/youcat.org\/"},{"@type":"ListItem","position":2,"name":"Missionary Network Newsletter Thank You"}]},{"@type":"WebSite","@id":"https:\/\/youcat.org\/#website","url":"https:\/\/youcat.org\/","name":"YOUCAT","description":"Der Glaube der katholischen Kirche: anschaulich erkl\u00e4rt, innovativ pr\u00e4sentiert, offiziell best\u00e4tigt.","potentialAction":[{"@type":"SearchAction","target":{"@type":"EntryPoint","urlTemplate":"https:\/\/youcat.org\/?s={search_term_string}"},"query-input":{"@type":"PropertyValueSpecification","valueRequired":true,"valueName":"search_term_string"}}],"inLanguage":"pt-PT"}]}},"jetpack_sharing_enabled":true,"_links":{"self":[{"href":"https:\/\/youcat.org\/pt\/wp-json\/wp\/v2\/pages\/3136","targetHints":{"allow":["GET"]}}],"collection":[{"href":"https:\/\/youcat.org\/pt\/wp-json\/wp\/v2\/pages"}],"about":[{"href":"https:\/\/youcat.org\/pt\/wp-json\/wp\/v2\/types\/page"}],"author":[{"embeddable":true,"href":"https:\/\/youcat.org\/pt\/wp-json\/wp\/v2\/users\/6"}],"replies":[{"embeddable":true,"href":"https:\/\/youcat.org\/pt\/wp-json\/wp\/v2\/comments?post=3136"}],"version-history":[{"count":6,"href":"https:\/\/youcat.org\/pt\/wp-json\/wp\/v2\/pages\/3136\/revisions"}],"predecessor-version":[{"id":3186,"href":"https:\/\/youcat.org\/pt\/wp-json\/wp\/v2\/pages\/3136\/revisions\/3186"}],"wp:attachment":[{"href":"https:\/\/youcat.org\/pt\/wp-json\/wp\/v2\/media?parent=3136"}],"curies":[{"name":"wp","href":"https:\/\/api.w.org\/{rel}","templated":true}]}}