{"id":2730,"date":"2023-07-23T22:12:07","date_gmt":"2023-07-23T21:12:07","guid":{"rendered":"https:\/\/youcat.org\/?page_id=2730"},"modified":"2025-10-22T07:45:48","modified_gmt":"2025-10-22T06:45:48","slug":"imprint","status":"publish","type":"page","link":"https:\/\/youcat.org\/pt\/imprint\/","title":{"rendered":"Impress\u00e3o"},"content":{"rendered":"<span><span><a href=\"https:\/\/youcat.org\/pt\/\"><span class=\"icon yc-icon-yc-home-filled\"><\/span><\/a><\/span><\/span>\n\t<!-- cookie.design -->\n<h2>Webdesign &#038; Development<\/h2>\n<p>O webdesign e desenvolvimento foram realizados pela ag\u00eancia <a href=\"https:\/\/cookie.design\" target=\"_blank\" rel=\"noopener\" title=\"Ag\u00eancia de com\u00e9rcio eletr\u00f4nico COOKIE Design\">cookie.design<\/a>.<\/p>","protected":false},"excerpt":{"rendered":"<p>Webdesign &#038; Development The webdesign and development was carried out by the agency cookie.design.<\/p>","protected":false},"author":8,"featured_media":0,"parent":0,"menu_order":0,"comment_status":"closed","ping_status":"closed","template":"","meta":{"_acf_changed":false,"inline_featured_image":false,"footnotes":""},"class_list":["post-2730","page","type-page","status-publish","hentry"],"acf":[],"yoast_head":"<!-- This site is optimized with the Yoast SEO plugin v27.4 - https:\/\/yoast.com\/product\/yoast-seo-wordpress\/ -->\n<title>Imprint - YOUCAT<\/title>\n<meta name=\"robots\" content=\"index, follow, max-snippet:-1, max-image-preview:large, max-video-preview:-1\" \/>\n<link rel=\"canonical\" href=\"https:\/\/youcat.org\/pt\/imprint\/\" \/>\n<meta property=\"og:locale\" content=\"pt_PT\" \/>\n<meta property=\"og:type\" content=\"article\" \/>\n<meta property=\"og:title\" content=\"Imprint - YOUCAT\" \/>\n<meta property=\"og:description\" content=\"Webdesign &#038; Development The webdesign and development was carried out by the agency cookie.design.\" \/>\n<meta property=\"og:url\" content=\"https:\/\/youcat.org\/pt\/imprint\/\" \/>\n<meta property=\"og:site_name\" content=\"YOUCAT\" \/>\n<meta property=\"article:modified_time\" content=\"2025-10-22T06:45:48+00:00\" \/>\n<meta name=\"twitter:card\" content=\"summary_large_image\" \/>\n<meta name=\"twitter:label1\" content=\"Tempo estimado de leitura\" \/>\n\t<meta name=\"twitter:data1\" content=\"2 minutos\" \/>\n<script type=\"application\/ld+json\" class=\"yoast-schema-graph\">{\"@context\":\"https:\\\/\\\/schema.org\",\"@graph\":[{\"@type\":\"WebPage\",\"@id\":\"https:\\\/\\\/youcat.org\\\/imprint\\\/\",\"url\":\"https:\\\/\\\/youcat.org\\\/imprint\\\/\",\"name\":\"Imprint - YOUCAT\",\"isPartOf\":{\"@id\":\"https:\\\/\\\/youcat.org\\\/#website\"},\"datePublished\":\"2023-07-23T21:12:07+00:00\",\"dateModified\":\"2025-10-22T06:45:48+00:00\",\"breadcrumb\":{\"@id\":\"https:\\\/\\\/youcat.org\\\/imprint\\\/#breadcrumb\"},\"inLanguage\":\"pt-PT\",\"potentialAction\":[{\"@type\":\"ReadAction\",\"target\":[\"https:\\\/\\\/youcat.org\\\/imprint\\\/\"]}]},{\"@type\":\"BreadcrumbList\",\"@id\":\"https:\\\/\\\/youcat.org\\\/imprint\\\/#breadcrumb\",\"itemListElement\":[{\"@type\":\"ListItem\",\"position\":1,\"name\":\"\",\"item\":\"https:\\\/\\\/youcat.org\\\/\"},{\"@type\":\"ListItem\",\"position\":2,\"name\":\"Imprint\"}]},{\"@type\":\"WebSite\",\"@id\":\"https:\\\/\\\/youcat.org\\\/#website\",\"url\":\"https:\\\/\\\/youcat.org\\\/\",\"name\":\"YOUCAT\",\"description\":\"Der Glaube der katholischen Kirche: anschaulich erkl\u00e4rt, innovativ pr\u00e4sentiert, offiziell best\u00e4tigt.\",\"potentialAction\":[{\"@type\":\"SearchAction\",\"target\":{\"@type\":\"EntryPoint\",\"urlTemplate\":\"https:\\\/\\\/youcat.org\\\/?s={search_term_string}\"},\"query-input\":{\"@type\":\"PropertyValueSpecification\",\"valueRequired\":true,\"valueName\":\"search_term_string\"}}],\"inLanguage\":\"pt-PT\"}]}<\/script>\n<!-- \/ Yoast SEO plugin. -->","yoast_head_json":{"title":"Imprint - YOUCAT","robots":{"index":"index","follow":"follow","max-snippet":"max-snippet:-1","max-image-preview":"max-image-preview:large","max-video-preview":"max-video-preview:-1"},"canonical":"https:\/\/youcat.org\/pt\/imprint\/","og_locale":"pt_PT","og_type":"article","og_title":"Imprint - YOUCAT","og_description":"Webdesign &#038; Development The webdesign and development was carried out by the agency cookie.design.","og_url":"https:\/\/youcat.org\/pt\/imprint\/","og_site_name":"YOUCAT","article_modified_time":"2025-10-22T06:45:48+00:00","twitter_card":"summary_large_image","twitter_misc":{"Tempo estimado de leitura":"2 minutos"},"schema":{"@context":"https:\/\/schema.org","@graph":[{"@type":"WebPage","@id":"https:\/\/youcat.org\/imprint\/","url":"https:\/\/youcat.org\/imprint\/","name":"Imprint - YOUCAT","isPartOf":{"@id":"https:\/\/youcat.org\/#website"},"datePublished":"2023-07-23T21:12:07+00:00","dateModified":"2025-10-22T06:45:48+00:00","breadcrumb":{"@id":"https:\/\/youcat.org\/imprint\/#breadcrumb"},"inLanguage":"pt-PT","potentialAction":[{"@type":"ReadAction","target":["https:\/\/youcat.org\/imprint\/"]}]},{"@type":"BreadcrumbList","@id":"https:\/\/youcat.org\/imprint\/#breadcrumb","itemListElement":[{"@type":"ListItem","position":1,"name":"","item":"https:\/\/youcat.org\/"},{"@type":"ListItem","position":2,"name":"Imprint"}]},{"@type":"WebSite","@id":"https:\/\/youcat.org\/#website","url":"https:\/\/youcat.org\/","name":"YOUCAT","description":"Der Glaube der katholischen Kirche: anschaulich erkl\u00e4rt, innovativ pr\u00e4sentiert, offiziell best\u00e4tigt.","potentialAction":[{"@type":"SearchAction","target":{"@type":"EntryPoint","urlTemplate":"https:\/\/youcat.org\/?s={search_term_string}"},"query-input":{"@type":"PropertyValueSpecification","valueRequired":true,"valueName":"search_term_string"}}],"inLanguage":"pt-PT"}]}},"jetpack_sharing_enabled":true,"_links":{"self":[{"href":"https:\/\/youcat.org\/pt\/wp-json\/wp\/v2\/pages\/2730","targetHints":{"allow":["GET"]}}],"collection":[{"href":"https:\/\/youcat.org\/pt\/wp-json\/wp\/v2\/pages"}],"about":[{"href":"https:\/\/youcat.org\/pt\/wp-json\/wp\/v2\/types\/page"}],"author":[{"embeddable":true,"href":"https:\/\/youcat.org\/pt\/wp-json\/wp\/v2\/users\/8"}],"replies":[{"embeddable":true,"href":"https:\/\/youcat.org\/pt\/wp-json\/wp\/v2\/comments?post=2730"}],"version-history":[{"count":10,"href":"https:\/\/youcat.org\/pt\/wp-json\/wp\/v2\/pages\/2730\/revisions"}],"predecessor-version":[{"id":5837,"href":"https:\/\/youcat.org\/pt\/wp-json\/wp\/v2\/pages\/2730\/revisions\/5837"}],"wp:attachment":[{"href":"https:\/\/youcat.org\/pt\/wp-json\/wp\/v2\/media?parent=2730"}],"curies":[{"name":"wp","href":"https:\/\/api.w.org\/{rel}","templated":true}]}}