{"id":1584,"date":"2023-07-19T12:15:52","date_gmt":"2023-07-19T11:15:52","guid":{"rendered":"https:\/\/youcat.org\/?page_id=1584"},"modified":"2025-10-23T09:12:28","modified_gmt":"2025-10-23T08:12:28","slug":"publications","status":"publish","type":"page","link":"https:\/\/youcat.org\/pt\/publications\/","title":{"rendered":"YOUCAT Publica\u00e7\u00f5es"},"content":{"rendered":"<span><span><a href=\"https:\/\/youcat.org\/pt\/\"><span class=\"icon yc-icon-yc-home-filled\"><\/span><\/a><\/span><\/span>\n\t<h1>YOUCAT Publica\u00e7\u00f5es<\/h1>\n<p>The YOUCAT foundation is a work of new evangelisation which contributes to the Church&#8217;s worldwide renewal through the charism of &#8216;teaching&#8217;.<\/p>\n\t<h2>YOUCAT Publica\u00e7\u00f5es compactas<\/h2>\n<ul>\n<li>80 l\u00ednguas sob contrato<\/li>\n<li>Traduzido em 60 l\u00ednguas<\/li>\n<li>Mais de 9 milh\u00f5es de exemplares impressos<\/li>\n<li>Alguns dos nossos livros s\u00e3o aprovados pela Confer\u00eancia Episcopal Austr\u00edaca e pelo Papa<\/li>\n<\/ul>\n\t\t\t\t<img decoding=\"async\" src=\"https:\/\/youcat.org\/wp-content\/uploads\/2023\/07\/YOUCAT_Publications.webp\" alt=\"YOUCAT_Publications\" itemprop=\"image\" height=\"521\" width=\"824\" title=\"YOUCAT_Publications\" onerror=\"this.style.display='none'\" loading=\"lazy\" \/>\n\t<h2>Os nossos livros<\/h2>\n<p>Por favor, verifique os detalhes do produto e a pr\u00e9-visualiza\u00e7\u00e3o na nossa loja.<\/p>\n<p><a href=\"https:\/\/youcat.org\/pt\/produtos\/\">Descubra os nossos livros<\/a><\/p>\n\t<h2>Encomende os livros<\/h2>\n\t\t\t\t\t<a href=\"#\"  id=\"fl-accordion--label-0\" tabindex=\"0\" aria-controls=\"fl-accordion--panel-0\">Germany<\/a>\n\t\t\t\t\t\t\t\t\t\t\t<a href=\"#\" id=\"fl-accordion--icon-0\"  tabindex=\"0\"><i title=\"Collapse\">Collapse<\/i><\/a>\n\t\t\t\t\t<strong>Susanna Sch\u00fc\u00dfler<\/strong><br \/>\nTel.: 02832\/929-161<br \/>\nFax: 02832\/929-211\n<p><a href=\"mailto:susanna.schuessler@azb.de\">susanna.schuessler@azb.de<\/a><\/p>\n<strong>AZB Auslieferungszentrum Bercker<\/strong><br \/>\nHoogeweg 100<br \/>\nD-47623 Kevelaer\n\t\t\t\t\t<a href=\"#\"  id=\"fl-accordion--label-1\" tabindex=\"0\" aria-controls=\"fl-accordion--panel-1\">Austria<\/a>\n\t\t\t\t\t\t\t\t\t\t\t<a href=\"#\" id=\"fl-accordion--icon-1\"  tabindex=\"0\"><i title=\"Expand\">Expand<\/i><\/a>\n\t\t\t\t\t<strong>Mohr-Morawa Buchvertrieb GmbH<\/strong><br \/>\nPostfach 2 60<br \/>\nA-1101 Wien<br \/>\nSulzengasse 2<br \/>\nA-1230 Wien\nTel.: 01 \/ 6 80 14-0<br \/>\nFax: 01 \/ 6 80 71-30\n<p><a href=\"mailto:bestellung@mohrmorawa.at\">bestellung@mohrmorawa.at<\/a><\/p>\n\t\t\t\t\t<a href=\"#\"  id=\"fl-accordion--label-2\" tabindex=\"0\" aria-controls=\"fl-accordion--panel-2\">Switzerland\/Liechtenstein<\/a>\n\t\t\t\t\t\t\t\t\t\t\t<a href=\"#\" id=\"fl-accordion--icon-2\"  tabindex=\"0\"><i title=\"Expand\">Expand<\/i><\/a>\n\t\t\t\t\t<strong>Balmer B\u00fccherdienst AG<\/strong><br \/>\nPostfach 64<br \/>\nCH-8840 Einsiedeln<br \/>\nKobiboden<br \/>\nCH-8840 Einsiedeln\nTel.: 055 \/ 418 89 89<br \/>\nFax: 055 \/ 418 89 19\n<p><a href=\"mailto:info@balmer-bd.ch\">info@balmer-bd.ch<\/a><\/p>\n\t<h2>Contacto<\/h2>\n\t\t\t\t<img decoding=\"async\" src=\"https:\/\/youcat.org\/wp-content\/uploads\/2023\/07\/youcat_por.webp\" alt=\"Youcat\" itemprop=\"image\" height=\"808\" width=\"556\" title=\"YOUCAT\" onerror=\"this.style.display='none'\" loading=\"lazy\" \/>\n\t<p><strong>YOUCAT Verlagshaus\u00a0<\/strong><\/p>\n<p>Tel.\u00a0+49 151 50411267<\/p>\n<p><a href=\"mailto:publishing@youcat.org\">verlag@youcat.org<\/a><\/p>\n\t<h2>Editor &amp; S\u00f3cios<\/h2>","protected":false},"excerpt":{"rendered":"<p>YOUCAT Publications The YOUCAT foundation is a work of new evangelisation which contributes to the Church&#8217;s worldwide renewal through the charism of &#8216;teaching&#8217;. YOUCAT Publications compact 80 languages under contract. 60 translations. More than 9 million copies printed. Some of the books are approved by the Austrian Bishops Conference and the Pope. Our books Please&hellip;<\/p>","protected":false},"author":7,"featured_media":0,"parent":0,"menu_order":0,"comment_status":"closed","ping_status":"closed","template":"","meta":{"_acf_changed":false,"inline_featured_image":false,"footnotes":""},"class_list":["post-1584","page","type-page","status-publish","hentry"],"acf":[],"yoast_head":"<!-- This site is optimized with the Yoast SEO plugin v27.4 - https:\/\/yoast.com\/product\/yoast-seo-wordpress\/ -->\n<title>YOUCAT Publications - YOUCAT<\/title>\n<meta name=\"robots\" content=\"index, follow, max-snippet:-1, max-image-preview:large, max-video-preview:-1\" \/>\n<link rel=\"canonical\" href=\"https:\/\/youcat.org\/pt\/publications\/\" \/>\n<meta property=\"og:locale\" content=\"pt_PT\" \/>\n<meta property=\"og:type\" content=\"article\" \/>\n<meta property=\"og:title\" content=\"YOUCAT Publications - YOUCAT\" \/>\n<meta property=\"og:description\" content=\"YOUCAT Publications The YOUCAT foundation is a work of new evangelisation which contributes to the Church&#8217;s worldwide renewal through the charism of &#8216;teaching&#8217;. YOUCAT Publications compact 80 languages under contract. 60 translations. More than 9 million copies printed. Some of the books are approved by the Austrian Bishops Conference and the Pope. Our books Please&hellip;\" \/>\n<meta property=\"og:url\" content=\"https:\/\/youcat.org\/pt\/publications\/\" \/>\n<meta property=\"og:site_name\" content=\"YOUCAT\" \/>\n<meta property=\"article:modified_time\" content=\"2025-10-23T08:12:28+00:00\" \/>\n<meta property=\"og:image\" content=\"https:\/\/youcat.org\/wp-content\/uploads\/2023\/07\/YOUCAT_Publications.webp\" \/>\n<meta name=\"twitter:card\" content=\"summary_large_image\" \/>\n<meta name=\"twitter:label1\" content=\"Tempo estimado de leitura\" \/>\n\t<meta name=\"twitter:data1\" content=\"2 minutos\" \/>\n<script type=\"application\/ld+json\" class=\"yoast-schema-graph\">{\"@context\":\"https:\\\/\\\/schema.org\",\"@graph\":[{\"@type\":\"WebPage\",\"@id\":\"https:\\\/\\\/youcat.org\\\/publications\\\/\",\"url\":\"https:\\\/\\\/youcat.org\\\/publications\\\/\",\"name\":\"YOUCAT Publications - YOUCAT\",\"isPartOf\":{\"@id\":\"https:\\\/\\\/youcat.org\\\/#website\"},\"primaryImageOfPage\":{\"@id\":\"https:\\\/\\\/youcat.org\\\/publications\\\/#primaryimage\"},\"image\":{\"@id\":\"https:\\\/\\\/youcat.org\\\/publications\\\/#primaryimage\"},\"thumbnailUrl\":\"https:\\\/\\\/youcat.org\\\/wp-content\\\/uploads\\\/2023\\\/07\\\/YOUCAT_Publications.webp\",\"datePublished\":\"2023-07-19T11:15:52+00:00\",\"dateModified\":\"2025-10-23T08:12:28+00:00\",\"breadcrumb\":{\"@id\":\"https:\\\/\\\/youcat.org\\\/publications\\\/#breadcrumb\"},\"inLanguage\":\"pt-PT\",\"potentialAction\":[{\"@type\":\"ReadAction\",\"target\":[\"https:\\\/\\\/youcat.org\\\/publications\\\/\"]}]},{\"@type\":\"ImageObject\",\"inLanguage\":\"pt-PT\",\"@id\":\"https:\\\/\\\/youcat.org\\\/publications\\\/#primaryimage\",\"url\":\"https:\\\/\\\/youcat.org\\\/wp-content\\\/uploads\\\/2023\\\/07\\\/YOUCAT_Publications.webp\",\"contentUrl\":\"https:\\\/\\\/youcat.org\\\/wp-content\\\/uploads\\\/2023\\\/07\\\/YOUCAT_Publications.webp\"},{\"@type\":\"BreadcrumbList\",\"@id\":\"https:\\\/\\\/youcat.org\\\/publications\\\/#breadcrumb\",\"itemListElement\":[{\"@type\":\"ListItem\",\"position\":1,\"name\":\"\",\"item\":\"https:\\\/\\\/youcat.org\\\/\"},{\"@type\":\"ListItem\",\"position\":2,\"name\":\"YOUCAT Publications\"}]},{\"@type\":\"WebSite\",\"@id\":\"https:\\\/\\\/youcat.org\\\/#website\",\"url\":\"https:\\\/\\\/youcat.org\\\/\",\"name\":\"YOUCAT\",\"description\":\"Der Glaube der katholischen Kirche: anschaulich erkl\u00e4rt, innovativ pr\u00e4sentiert, offiziell best\u00e4tigt.\",\"potentialAction\":[{\"@type\":\"SearchAction\",\"target\":{\"@type\":\"EntryPoint\",\"urlTemplate\":\"https:\\\/\\\/youcat.org\\\/?s={search_term_string}\"},\"query-input\":{\"@type\":\"PropertyValueSpecification\",\"valueRequired\":true,\"valueName\":\"search_term_string\"}}],\"inLanguage\":\"pt-PT\"}]}<\/script>\n<!-- \/ Yoast SEO plugin. -->","yoast_head_json":{"title":"YOUCAT Publica\u00e7\u00f5es - YOUCAT","robots":{"index":"index","follow":"follow","max-snippet":"max-snippet:-1","max-image-preview":"max-image-preview:large","max-video-preview":"max-video-preview:-1"},"canonical":"https:\/\/youcat.org\/pt\/publications\/","og_locale":"pt_PT","og_type":"article","og_title":"YOUCAT Publications - YOUCAT","og_description":"YOUCAT Publications The YOUCAT foundation is a work of new evangelisation which contributes to the Church&#8217;s worldwide renewal through the charism of &#8216;teaching&#8217;. YOUCAT Publications compact 80 languages under contract. 60 translations. More than 9 million copies printed. Some of the books are approved by the Austrian Bishops Conference and the Pope. Our books Please&hellip;","og_url":"https:\/\/youcat.org\/pt\/publications\/","og_site_name":"YOUCAT","article_modified_time":"2025-10-23T08:12:28+00:00","og_image":[{"url":"https:\/\/youcat.org\/wp-content\/uploads\/2023\/07\/YOUCAT_Publications.webp","type":"","width":"","height":""}],"twitter_card":"summary_large_image","twitter_misc":{"Tempo estimado de leitura":"2 minutos"},"schema":{"@context":"https:\/\/schema.org","@graph":[{"@type":"WebPage","@id":"https:\/\/youcat.org\/publications\/","url":"https:\/\/youcat.org\/publications\/","name":"YOUCAT Publica\u00e7\u00f5es - YOUCAT","isPartOf":{"@id":"https:\/\/youcat.org\/#website"},"primaryImageOfPage":{"@id":"https:\/\/youcat.org\/publications\/#primaryimage"},"image":{"@id":"https:\/\/youcat.org\/publications\/#primaryimage"},"thumbnailUrl":"https:\/\/youcat.org\/wp-content\/uploads\/2023\/07\/YOUCAT_Publications.webp","datePublished":"2023-07-19T11:15:52+00:00","dateModified":"2025-10-23T08:12:28+00:00","breadcrumb":{"@id":"https:\/\/youcat.org\/publications\/#breadcrumb"},"inLanguage":"pt-PT","potentialAction":[{"@type":"ReadAction","target":["https:\/\/youcat.org\/publications\/"]}]},{"@type":"ImageObject","inLanguage":"pt-PT","@id":"https:\/\/youcat.org\/publications\/#primaryimage","url":"https:\/\/youcat.org\/wp-content\/uploads\/2023\/07\/YOUCAT_Publications.webp","contentUrl":"https:\/\/youcat.org\/wp-content\/uploads\/2023\/07\/YOUCAT_Publications.webp"},{"@type":"BreadcrumbList","@id":"https:\/\/youcat.org\/publications\/#breadcrumb","itemListElement":[{"@type":"ListItem","position":1,"name":"","item":"https:\/\/youcat.org\/"},{"@type":"ListItem","position":2,"name":"YOUCAT Publications"}]},{"@type":"WebSite","@id":"https:\/\/youcat.org\/#website","url":"https:\/\/youcat.org\/","name":"YOUCAT","description":"Der Glaube der katholischen Kirche: anschaulich erkl\u00e4rt, innovativ pr\u00e4sentiert, offiziell best\u00e4tigt.","potentialAction":[{"@type":"SearchAction","target":{"@type":"EntryPoint","urlTemplate":"https:\/\/youcat.org\/?s={search_term_string}"},"query-input":{"@type":"PropertyValueSpecification","valueRequired":true,"valueName":"search_term_string"}}],"inLanguage":"pt-PT"}]}},"jetpack_sharing_enabled":true,"_links":{"self":[{"href":"https:\/\/youcat.org\/pt\/wp-json\/wp\/v2\/pages\/1584","targetHints":{"allow":["GET"]}}],"collection":[{"href":"https:\/\/youcat.org\/pt\/wp-json\/wp\/v2\/pages"}],"about":[{"href":"https:\/\/youcat.org\/pt\/wp-json\/wp\/v2\/types\/page"}],"author":[{"embeddable":true,"href":"https:\/\/youcat.org\/pt\/wp-json\/wp\/v2\/users\/7"}],"replies":[{"embeddable":true,"href":"https:\/\/youcat.org\/pt\/wp-json\/wp\/v2\/comments?post=1584"}],"version-history":[{"count":41,"href":"https:\/\/youcat.org\/pt\/wp-json\/wp\/v2\/pages\/1584\/revisions"}],"predecessor-version":[{"id":5841,"href":"https:\/\/youcat.org\/pt\/wp-json\/wp\/v2\/pages\/1584\/revisions\/5841"}],"wp:attachment":[{"href":"https:\/\/youcat.org\/pt\/wp-json\/wp\/v2\/media?parent=1584"}],"curies":[{"name":"wp","href":"https:\/\/api.w.org\/{rel}","templated":true}]}}