{"id":1513,"date":"2023-07-19T11:32:09","date_gmt":"2023-07-19T10:32:09","guid":{"rendered":"https:\/\/youcat.org\/?page_id=1513"},"modified":"2026-02-24T15:32:23","modified_gmt":"2026-02-24T15:32:23","slug":"youcat-digital","status":"publish","type":"page","link":"https:\/\/youcat.org\/pt\/youcat-digital\/","title":{"rendered":"YOUCAT Digital"},"content":{"rendered":"<span><span><a href=\"https:\/\/youcat.org\/pt\/\"><span class=\"icon yc-icon-yc-home-filled\"><\/span><\/a><\/span><\/span>\n\t<h1><strong><\/strong><\/h1>\n<p>Descubra aqui os nossos produtos digitais, que o ajudar\u00e3o a crescer na f\u00e9 e a tornar-se mission\u00e1rio.<\/p>\n\t\t\t\t<img decoding=\"async\" src=\"https:\/\/youcat.org\/wp-content\/uploads\/2023\/07\/docat-app.webp\" alt=\"docat-app\" itemprop=\"image\" height=\"690\" width=\"345\" title=\"docat-app\" onerror=\"this.style.display='none'\" loading='lazy' \/>\n\t<h2>Aplica\u00e7\u00e3o DOCAT<\/h2>\n<p>Com esta aplica\u00e7\u00e3o, poder\u00e1 ler o DOCAT, conhecer a Doutrina Social da Igreja atrav\u00e9s de unidades guiadas (guias de estudo) e obter sugest\u00f5es sobre o que pode fazer para mudar o meio que o rodeia.<\/p>\n<a href=\"https:\/\/youcat.org\/pt\/docat-app\/\">Saiba mais <\/a>\n\t\t\t\t<img decoding=\"async\" src=\"https:\/\/youcat.org\/wp-content\/uploads\/2023\/07\/youcat-credopedia.webp\" alt=\"youcat-credopedia\" itemprop=\"image\" height=\"690\" width=\"345\" title=\"youcat-credopedia\" onerror=\"this.style.display='none'\" loading='lazy' \/>\n\t<h2>Credopedia<\/h2>\n<p>Obra de refer\u00eancia em linha sobre a f\u00e9 cat\u00f3lica.<\/p>\n<a href=\"https:\/\/youcat.org\/pt\/credopedia\/\">Abrir Credopedia <\/a>\n\t\t\t\t<img decoding=\"async\" src=\"https:\/\/youcat.org\/wp-content\/uploads\/2023\/07\/youcat-bonus-materials.webp\" alt=\"youcat-bonus-materials\" itemprop=\"image\" height=\"690\" width=\"345\" title=\"youcat-bonus-materials\" onerror=\"this.style.display='none'\" loading='lazy' \/>\n\t<h2>Material b\u00f3nus<\/h2>\n<p>Descubra a emocionante aventura da f\u00e9. N\u00f3s oferecemos diversos materiais \u00fateis.<\/p>\n<a href=\"https:\/\/youcat.org\/pt\/material-bonus\/\">Material b\u00f3nus <\/a>\n\t\t\t\t<img decoding=\"async\" src=\"https:\/\/youcat.org\/wp-content\/uploads\/2023\/07\/youcat-newsletter-mockup.webp\" alt=\"youcat-newsletter-mockup\" itemprop=\"image\" height=\"690\" width=\"345\" title=\"youcat-newsletter-mockup\" onerror=\"this.style.display='none'\" loading='lazy' \/>\n\t<h2>Newsletter<\/h2>\nAssine a nossa newsletter e fique por dentro de todas as novidades do YOUCAT.\n\n<a href=\"https:\/\/youcat.org\/pt\/newsletter\/\">Newsletter <\/a>\n\t\t\t\t<img decoding=\"async\" src=\"https:\/\/youcat.org\/wp-content\/uploads\/2023\/07\/yc-arrow-to-right.svg\" alt=\"yc-arrow-to-right\" itemprop=\"image\" height=\"86\" width=\"567\" title=\"yc-arrow-to-right\" onerror=\"this.style.display='none'\" loading='lazy' \/>\n\t\t\t\t<img decoding=\"async\" src=\"https:\/\/youcat.org\/wp-content\/uploads\/2023\/07\/yc-arrow-to-left.svg\" alt=\"yc-arrow-to-left\" itemprop=\"image\" height=\"86\" width=\"567\" title=\"yc-arrow-to-left\" onerror=\"this.style.display='none'\" loading='lazy' \/>\n\t\t\t\t<img decoding=\"async\" src=\"https:\/\/youcat.org\/wp-content\/uploads\/2024\/03\/YOUCAT-LOVE_Mockup_Cover.webp\" alt=\"YOUCAT-LOVE_Mockup_Cover\" itemprop=\"image\" height=\"808\" width=\"513\" title=\"YOUCAT-LOVE_Mockup_Cover\" onerror=\"this.style.display='none'\" loading='lazy' \/>\n\t<p>*Atualmente dispon\u00edvel apenas em alem\u00e3o.<\/p>\n\t<p>Novo<\/p>\n\t<h2><strong>YOUCAT Amor para sempre<\/strong><\/h2>\n<p>Com pref\u00e1cio do Papa Francisco<\/p>\n\t\t\t<a href=\"https:\/\/youcat.org\/pt\/love\/\" target=\"_self\">\n\t\t\t\t\t\t\tMore Information\n\t\t\t<\/a>","protected":false},"excerpt":{"rendered":"<p>Discover our digital products, which will help you to grow in faith and become missionaries yourself. DOCAT App With this app you can read DOCAT, get to know social teaching through guided units (study guides) and get suggestions on what you can do to change your surroundings. Learn more Credopedia Online reference book on the&hellip;<\/p>","protected":false},"author":7,"featured_media":0,"parent":0,"menu_order":0,"comment_status":"closed","ping_status":"closed","template":"","meta":{"_acf_changed":false,"inline_featured_image":false,"footnotes":""},"class_list":["post-1513","page","type-page","status-publish","hentry"],"acf":[],"yoast_head":"<!-- This site is optimized with the Yoast SEO plugin v27.4 - https:\/\/yoast.com\/product\/yoast-seo-wordpress\/ -->\n<title>YOUCAT Digital - YOUCAT<\/title>\n<meta name=\"robots\" content=\"index, follow, max-snippet:-1, max-image-preview:large, max-video-preview:-1\" \/>\n<link rel=\"canonical\" href=\"https:\/\/youcat.org\/pt\/youcat-digital\/\" \/>\n<meta property=\"og:locale\" content=\"pt_PT\" \/>\n<meta property=\"og:type\" content=\"article\" \/>\n<meta property=\"og:title\" content=\"YOUCAT Digital - YOUCAT\" \/>\n<meta property=\"og:description\" content=\"Discover our digital products, which will help you to grow in faith and become missionaries yourself. DOCAT App With this app you can read DOCAT, get to know social teaching through guided units (study guides) and get suggestions on what you can do to change your surroundings. Learn more Credopedia Online reference book on the&hellip;\" \/>\n<meta property=\"og:url\" content=\"https:\/\/youcat.org\/pt\/youcat-digital\/\" \/>\n<meta property=\"og:site_name\" content=\"YOUCAT\" \/>\n<meta property=\"article:modified_time\" content=\"2026-02-24T15:32:23+00:00\" \/>\n<meta property=\"og:image\" content=\"https:\/\/youcat.org\/wp-content\/uploads\/2023\/07\/docat-app.webp\" \/>\n<meta name=\"twitter:card\" content=\"summary_large_image\" \/>\n<meta name=\"twitter:label1\" content=\"Tempo estimado de leitura\" \/>\n\t<meta name=\"twitter:data1\" content=\"4 minutos\" \/>\n<script type=\"application\/ld+json\" class=\"yoast-schema-graph\">{\"@context\":\"https:\\\/\\\/schema.org\",\"@graph\":[{\"@type\":\"WebPage\",\"@id\":\"https:\\\/\\\/youcat.org\\\/youcat-digital\\\/\",\"url\":\"https:\\\/\\\/youcat.org\\\/youcat-digital\\\/\",\"name\":\"YOUCAT Digital - YOUCAT\",\"isPartOf\":{\"@id\":\"https:\\\/\\\/youcat.org\\\/#website\"},\"primaryImageOfPage\":{\"@id\":\"https:\\\/\\\/youcat.org\\\/youcat-digital\\\/#primaryimage\"},\"image\":{\"@id\":\"https:\\\/\\\/youcat.org\\\/youcat-digital\\\/#primaryimage\"},\"thumbnailUrl\":\"https:\\\/\\\/youcat.org\\\/wp-content\\\/uploads\\\/2023\\\/07\\\/docat-app.webp\",\"datePublished\":\"2023-07-19T10:32:09+00:00\",\"dateModified\":\"2026-02-24T15:32:23+00:00\",\"breadcrumb\":{\"@id\":\"https:\\\/\\\/youcat.org\\\/youcat-digital\\\/#breadcrumb\"},\"inLanguage\":\"pt-PT\",\"potentialAction\":[{\"@type\":\"ReadAction\",\"target\":[\"https:\\\/\\\/youcat.org\\\/youcat-digital\\\/\"]}]},{\"@type\":\"ImageObject\",\"inLanguage\":\"pt-PT\",\"@id\":\"https:\\\/\\\/youcat.org\\\/youcat-digital\\\/#primaryimage\",\"url\":\"https:\\\/\\\/youcat.org\\\/wp-content\\\/uploads\\\/2023\\\/07\\\/docat-app.webp\",\"contentUrl\":\"https:\\\/\\\/youcat.org\\\/wp-content\\\/uploads\\\/2023\\\/07\\\/docat-app.webp\"},{\"@type\":\"BreadcrumbList\",\"@id\":\"https:\\\/\\\/youcat.org\\\/youcat-digital\\\/#breadcrumb\",\"itemListElement\":[{\"@type\":\"ListItem\",\"position\":1,\"name\":\"\",\"item\":\"https:\\\/\\\/youcat.org\\\/\"},{\"@type\":\"ListItem\",\"position\":2,\"name\":\"YOUCAT Digital\"}]},{\"@type\":\"WebSite\",\"@id\":\"https:\\\/\\\/youcat.org\\\/#website\",\"url\":\"https:\\\/\\\/youcat.org\\\/\",\"name\":\"YOUCAT\",\"description\":\"Der Glaube der katholischen Kirche: anschaulich erkl\u00e4rt, innovativ pr\u00e4sentiert, offiziell best\u00e4tigt.\",\"potentialAction\":[{\"@type\":\"SearchAction\",\"target\":{\"@type\":\"EntryPoint\",\"urlTemplate\":\"https:\\\/\\\/youcat.org\\\/?s={search_term_string}\"},\"query-input\":{\"@type\":\"PropertyValueSpecification\",\"valueRequired\":true,\"valueName\":\"search_term_string\"}}],\"inLanguage\":\"pt-PT\"}]}<\/script>\n<!-- \/ Yoast SEO plugin. -->","yoast_head_json":{"title":"YOUCAT Digital - YOUCAT","robots":{"index":"index","follow":"follow","max-snippet":"max-snippet:-1","max-image-preview":"max-image-preview:large","max-video-preview":"max-video-preview:-1"},"canonical":"https:\/\/youcat.org\/pt\/youcat-digital\/","og_locale":"pt_PT","og_type":"article","og_title":"YOUCAT Digital - YOUCAT","og_description":"Discover our digital products, which will help you to grow in faith and become missionaries yourself. DOCAT App With this app you can read DOCAT, get to know social teaching through guided units (study guides) and get suggestions on what you can do to change your surroundings. Learn more Credopedia Online reference book on the&hellip;","og_url":"https:\/\/youcat.org\/pt\/youcat-digital\/","og_site_name":"YOUCAT","article_modified_time":"2026-02-24T15:32:23+00:00","og_image":[{"url":"https:\/\/youcat.org\/wp-content\/uploads\/2023\/07\/docat-app.webp","type":"","width":"","height":""}],"twitter_card":"summary_large_image","twitter_misc":{"Tempo estimado de leitura":"4 minutos"},"schema":{"@context":"https:\/\/schema.org","@graph":[{"@type":"WebPage","@id":"https:\/\/youcat.org\/youcat-digital\/","url":"https:\/\/youcat.org\/youcat-digital\/","name":"YOUCAT Digital - YOUCAT","isPartOf":{"@id":"https:\/\/youcat.org\/#website"},"primaryImageOfPage":{"@id":"https:\/\/youcat.org\/youcat-digital\/#primaryimage"},"image":{"@id":"https:\/\/youcat.org\/youcat-digital\/#primaryimage"},"thumbnailUrl":"https:\/\/youcat.org\/wp-content\/uploads\/2023\/07\/docat-app.webp","datePublished":"2023-07-19T10:32:09+00:00","dateModified":"2026-02-24T15:32:23+00:00","breadcrumb":{"@id":"https:\/\/youcat.org\/youcat-digital\/#breadcrumb"},"inLanguage":"pt-PT","potentialAction":[{"@type":"ReadAction","target":["https:\/\/youcat.org\/youcat-digital\/"]}]},{"@type":"ImageObject","inLanguage":"pt-PT","@id":"https:\/\/youcat.org\/youcat-digital\/#primaryimage","url":"https:\/\/youcat.org\/wp-content\/uploads\/2023\/07\/docat-app.webp","contentUrl":"https:\/\/youcat.org\/wp-content\/uploads\/2023\/07\/docat-app.webp"},{"@type":"BreadcrumbList","@id":"https:\/\/youcat.org\/youcat-digital\/#breadcrumb","itemListElement":[{"@type":"ListItem","position":1,"name":"","item":"https:\/\/youcat.org\/"},{"@type":"ListItem","position":2,"name":"YOUCAT Digital"}]},{"@type":"WebSite","@id":"https:\/\/youcat.org\/#website","url":"https:\/\/youcat.org\/","name":"YOUCAT","description":"Der Glaube der katholischen Kirche: anschaulich erkl\u00e4rt, innovativ pr\u00e4sentiert, offiziell best\u00e4tigt.","potentialAction":[{"@type":"SearchAction","target":{"@type":"EntryPoint","urlTemplate":"https:\/\/youcat.org\/?s={search_term_string}"},"query-input":{"@type":"PropertyValueSpecification","valueRequired":true,"valueName":"search_term_string"}}],"inLanguage":"pt-PT"}]}},"jetpack_sharing_enabled":true,"_links":{"self":[{"href":"https:\/\/youcat.org\/pt\/wp-json\/wp\/v2\/pages\/1513","targetHints":{"allow":["GET"]}}],"collection":[{"href":"https:\/\/youcat.org\/pt\/wp-json\/wp\/v2\/pages"}],"about":[{"href":"https:\/\/youcat.org\/pt\/wp-json\/wp\/v2\/types\/page"}],"author":[{"embeddable":true,"href":"https:\/\/youcat.org\/pt\/wp-json\/wp\/v2\/users\/7"}],"replies":[{"embeddable":true,"href":"https:\/\/youcat.org\/pt\/wp-json\/wp\/v2\/comments?post=1513"}],"version-history":[{"count":26,"href":"https:\/\/youcat.org\/pt\/wp-json\/wp\/v2\/pages\/1513\/revisions"}],"predecessor-version":[{"id":5777,"href":"https:\/\/youcat.org\/pt\/wp-json\/wp\/v2\/pages\/1513\/revisions\/5777"}],"wp:attachment":[{"href":"https:\/\/youcat.org\/pt\/wp-json\/wp\/v2\/media?parent=1513"}],"curies":[{"name":"wp","href":"https:\/\/api.w.org\/{rel}","templated":true}]}}