{"id":2754,"date":"2023-07-24T06:01:42","date_gmt":"2023-07-24T05:01:42","guid":{"rendered":"https:\/\/youcat.org\/?page_id=2754"},"modified":"2023-07-24T12:20:42","modified_gmt":"2023-07-24T11:20:42","slug":"copyright","status":"publish","type":"page","link":"https:\/\/youcat.org\/pl\/copyright\/","title":{"rendered":"Prawo autorskie"},"content":{"rendered":"<span><span><a href=\"https:\/\/youcat.org\/pl\/\"><span class=\"icon yc-icon-yc-home-filled\"><\/span><\/a><\/span><\/span>\n\t<h1 id=\"shipping-and-payment\">Prawo autorskie<\/h1>\n<h2 id=\"shipping\">Teksty wykorzystane w YOUCAT Daily s\u0105 chronione prawami autorskimi:<\/h2>\n<p>A. Lavoratti \u201eLa Biblia. Libro del Pueblo De Dies&#8221; \u00a9 Editorial Verbo Divino und Fundaci\u00f3n Palabra de Vida<\/p>\n<p>United States Conference of Catholic Bishops \u00a9 2002 United States Conference of Catholic Bishops<\/p>\n<p>Escolher uma vers\u00e3o \u00a9 2018 B\u00edblia Cat\u00f3lica Online<\/p>\n<p>Bibleserver \u00a9 2018 ERF Medien<\/p>\n<p>Textes liturgiques AELF \u00a9 Association \u00c9piscopale Liturgique pour les pays Francophones<\/p>\n<p>\u00a9 2011 by Ignatius Press, San Francisco<\/p>\n<p>\u00a9 2014 YOUCAT Foundation gemeinn\u00fctzige GmbH<\/p>\n<p>Tekst biblijne: \u00a9 2011 Edycja \u015awi\u0119tego Paw\u0142a<\/p>\n<p>\u00a9 2011 PAULUS Editora<\/p>","protected":false},"excerpt":{"rendered":"<p>Copyright Texts used on the YOUCAT Daily are copyrighted by: A. Lavoratti \u201eLa Biblia. Libro del Pueblo De Dies&#8221; \u00a9 Editorial Verbo Divino und Fundaci\u00f3n Palabra de Vida United States Conference of Catholic Bishops \u00a9 2002 United States Conference of Catholic Bishops Escolher uma vers\u00e3o \u00a9 2018 B\u00edblia Cat\u00f3lica Online Bibleserver \u00a9 2018 ERF Medien&hellip;<\/p>","protected":false},"author":8,"featured_media":0,"parent":0,"menu_order":0,"comment_status":"closed","ping_status":"closed","template":"","meta":{"_acf_changed":false,"inline_featured_image":false,"footnotes":""},"class_list":["post-2754","page","type-page","status-publish","hentry"],"acf":[],"yoast_head":"<!-- This site is optimized with the Yoast SEO plugin v27.4 - https:\/\/yoast.com\/product\/yoast-seo-wordpress\/ -->\n<title>Copyright - YOUCAT<\/title>\n<meta name=\"robots\" content=\"index, follow, max-snippet:-1, max-image-preview:large, max-video-preview:-1\" \/>\n<link rel=\"canonical\" href=\"https:\/\/youcat.org\/pl\/copyright\/\" \/>\n<meta property=\"og:locale\" content=\"pl_PL\" \/>\n<meta property=\"og:type\" content=\"article\" \/>\n<meta property=\"og:title\" content=\"Copyright - YOUCAT\" \/>\n<meta property=\"og:description\" content=\"Copyright Texts used on the YOUCAT Daily are copyrighted by: A. Lavoratti \u201eLa Biblia. Libro del Pueblo De Dies&#8221; \u00a9 Editorial Verbo Divino und Fundaci\u00f3n Palabra de Vida United States Conference of Catholic Bishops \u00a9 2002 United States Conference of Catholic Bishops Escolher uma vers\u00e3o \u00a9 2018 B\u00edblia Cat\u00f3lica Online Bibleserver \u00a9 2018 ERF Medien&hellip;\" \/>\n<meta property=\"og:url\" content=\"https:\/\/youcat.org\/pl\/copyright\/\" \/>\n<meta property=\"og:site_name\" content=\"YOUCAT\" \/>\n<meta property=\"article:modified_time\" content=\"2023-07-24T11:20:42+00:00\" \/>\n<meta name=\"twitter:card\" content=\"summary_large_image\" \/>\n<meta name=\"twitter:label1\" content=\"Szacowany czas czytania\" \/>\n\t<meta name=\"twitter:data1\" content=\"1 minuta\" \/>\n<script type=\"application\/ld+json\" class=\"yoast-schema-graph\">{\"@context\":\"https:\\\/\\\/schema.org\",\"@graph\":[{\"@type\":\"WebPage\",\"@id\":\"https:\\\/\\\/youcat.org\\\/copyright\\\/\",\"url\":\"https:\\\/\\\/youcat.org\\\/copyright\\\/\",\"name\":\"Copyright - YOUCAT\",\"isPartOf\":{\"@id\":\"https:\\\/\\\/youcat.org\\\/#website\"},\"datePublished\":\"2023-07-24T05:01:42+00:00\",\"dateModified\":\"2023-07-24T11:20:42+00:00\",\"breadcrumb\":{\"@id\":\"https:\\\/\\\/youcat.org\\\/copyright\\\/#breadcrumb\"},\"inLanguage\":\"pl-PL\",\"potentialAction\":[{\"@type\":\"ReadAction\",\"target\":[\"https:\\\/\\\/youcat.org\\\/copyright\\\/\"]}]},{\"@type\":\"BreadcrumbList\",\"@id\":\"https:\\\/\\\/youcat.org\\\/copyright\\\/#breadcrumb\",\"itemListElement\":[{\"@type\":\"ListItem\",\"position\":1,\"name\":\"\",\"item\":\"https:\\\/\\\/youcat.org\\\/\"},{\"@type\":\"ListItem\",\"position\":2,\"name\":\"Copyright\"}]},{\"@type\":\"WebSite\",\"@id\":\"https:\\\/\\\/youcat.org\\\/#website\",\"url\":\"https:\\\/\\\/youcat.org\\\/\",\"name\":\"YOUCAT\",\"description\":\"Der Glaube der katholischen Kirche: anschaulich erkl\u00e4rt, innovativ pr\u00e4sentiert, offiziell best\u00e4tigt.\",\"potentialAction\":[{\"@type\":\"SearchAction\",\"target\":{\"@type\":\"EntryPoint\",\"urlTemplate\":\"https:\\\/\\\/youcat.org\\\/?s={search_term_string}\"},\"query-input\":{\"@type\":\"PropertyValueSpecification\",\"valueRequired\":true,\"valueName\":\"search_term_string\"}}],\"inLanguage\":\"pl-PL\"}]}<\/script>\n<!-- \/ Yoast SEO plugin. -->","yoast_head_json":{"title":"Copyright - YOUCAT","robots":{"index":"index","follow":"follow","max-snippet":"max-snippet:-1","max-image-preview":"max-image-preview:large","max-video-preview":"max-video-preview:-1"},"canonical":"https:\/\/youcat.org\/pl\/copyright\/","og_locale":"pl_PL","og_type":"article","og_title":"Copyright - YOUCAT","og_description":"Copyright Texts used on the YOUCAT Daily are copyrighted by: A. Lavoratti \u201eLa Biblia. Libro del Pueblo De Dies&#8221; \u00a9 Editorial Verbo Divino und Fundaci\u00f3n Palabra de Vida United States Conference of Catholic Bishops \u00a9 2002 United States Conference of Catholic Bishops Escolher uma vers\u00e3o \u00a9 2018 B\u00edblia Cat\u00f3lica Online Bibleserver \u00a9 2018 ERF Medien&hellip;","og_url":"https:\/\/youcat.org\/pl\/copyright\/","og_site_name":"YOUCAT","article_modified_time":"2023-07-24T11:20:42+00:00","twitter_card":"summary_large_image","twitter_misc":{"Szacowany czas czytania":"1 minuta"},"schema":{"@context":"https:\/\/schema.org","@graph":[{"@type":"WebPage","@id":"https:\/\/youcat.org\/copyright\/","url":"https:\/\/youcat.org\/copyright\/","name":"Copyright - YOUCAT","isPartOf":{"@id":"https:\/\/youcat.org\/#website"},"datePublished":"2023-07-24T05:01:42+00:00","dateModified":"2023-07-24T11:20:42+00:00","breadcrumb":{"@id":"https:\/\/youcat.org\/copyright\/#breadcrumb"},"inLanguage":"pl-PL","potentialAction":[{"@type":"ReadAction","target":["https:\/\/youcat.org\/copyright\/"]}]},{"@type":"BreadcrumbList","@id":"https:\/\/youcat.org\/copyright\/#breadcrumb","itemListElement":[{"@type":"ListItem","position":1,"name":"","item":"https:\/\/youcat.org\/"},{"@type":"ListItem","position":2,"name":"Copyright"}]},{"@type":"WebSite","@id":"https:\/\/youcat.org\/#website","url":"https:\/\/youcat.org\/","name":"YOUCAT","description":"Der Glaube der katholischen Kirche: anschaulich erkl\u00e4rt, innovativ pr\u00e4sentiert, offiziell best\u00e4tigt.","potentialAction":[{"@type":"SearchAction","target":{"@type":"EntryPoint","urlTemplate":"https:\/\/youcat.org\/?s={search_term_string}"},"query-input":{"@type":"PropertyValueSpecification","valueRequired":true,"valueName":"search_term_string"}}],"inLanguage":"pl-PL"}]}},"jetpack_sharing_enabled":true,"_links":{"self":[{"href":"https:\/\/youcat.org\/pl\/wp-json\/wp\/v2\/pages\/2754","targetHints":{"allow":["GET"]}}],"collection":[{"href":"https:\/\/youcat.org\/pl\/wp-json\/wp\/v2\/pages"}],"about":[{"href":"https:\/\/youcat.org\/pl\/wp-json\/wp\/v2\/types\/page"}],"author":[{"embeddable":true,"href":"https:\/\/youcat.org\/pl\/wp-json\/wp\/v2\/users\/8"}],"replies":[{"embeddable":true,"href":"https:\/\/youcat.org\/pl\/wp-json\/wp\/v2\/comments?post=2754"}],"version-history":[{"count":4,"href":"https:\/\/youcat.org\/pl\/wp-json\/wp\/v2\/pages\/2754\/revisions"}],"predecessor-version":[{"id":2971,"href":"https:\/\/youcat.org\/pl\/wp-json\/wp\/v2\/pages\/2754\/revisions\/2971"}],"wp:attachment":[{"href":"https:\/\/youcat.org\/pl\/wp-json\/wp\/v2\/media?parent=2754"}],"curies":[{"name":"wp","href":"https:\/\/api.w.org\/{rel}","templated":true}]}}