{"id":4561,"date":"2024-04-23T09:28:49","date_gmt":"2024-04-23T08:28:49","guid":{"rendered":"https:\/\/youcat.dev\/?page_id=4561"},"modified":"2025-01-23T14:35:55","modified_gmt":"2025-01-23T14:35:55","slug":"faq-sur-la-foi","status":"publish","type":"page","link":"https:\/\/youcat.org\/fr\/faq-sur-la-foi\/","title":{"rendered":"FAQ sur la foi"},"content":{"rendered":"<h1>FAQ sur la foi<\/h1>\n\t<span><span><a href=\"https:\/\/youcat.org\/fr\/\"><span class=\"icon yc-icon-yc-home-filled\"><\/span><\/a><\/span><\/span>\n\t<p>Dans cette section, les lecteurs trouveront des r\u00e9ponses aux questions fr\u00e9quemment pos\u00e9es sur la foi, la th\u00e9ologie et les aspects pratiques de la vie chr\u00e9tienne.<\/p>","protected":false},"excerpt":{"rendered":"<p>Faith FAQ In this section, readers will find answers to frequently asked questions about faith, theology and practical aspects of the Christian life.<\/p>","protected":false},"author":7,"featured_media":0,"parent":0,"menu_order":0,"comment_status":"closed","ping_status":"closed","template":"","meta":{"_acf_changed":false,"inline_featured_image":false,"footnotes":""},"class_list":["post-4561","page","type-page","status-publish","hentry"],"acf":[],"yoast_head":"<!-- This site is optimized with the Yoast SEO plugin v27.5 - https:\/\/yoast.com\/product\/yoast-seo-wordpress\/ -->\n<title>Faith FAQ - YOUCAT<\/title>\n<meta name=\"robots\" content=\"index, follow, max-snippet:-1, max-image-preview:large, max-video-preview:-1\" \/>\n<link rel=\"canonical\" href=\"https:\/\/youcat.org\/fr\/faq-sur-la-foi\/\" \/>\n<meta property=\"og:locale\" content=\"fr_FR\" \/>\n<meta property=\"og:type\" content=\"article\" \/>\n<meta property=\"og:title\" content=\"Faith FAQ - YOUCAT\" \/>\n<meta property=\"og:description\" content=\"Faith FAQ In this section, readers will find answers to frequently asked questions about faith, theology and practical aspects of the Christian life.\" \/>\n<meta property=\"og:url\" content=\"https:\/\/youcat.org\/fr\/faq-sur-la-foi\/\" \/>\n<meta property=\"og:site_name\" content=\"YOUCAT\" \/>\n<meta property=\"article:modified_time\" content=\"2025-01-23T14:35:55+00:00\" \/>\n<meta name=\"twitter:card\" content=\"summary_large_image\" \/>\n<meta name=\"twitter:label1\" content=\"Dur\u00e9e de lecture estim\u00e9e\" \/>\n\t<meta name=\"twitter:data1\" content=\"1 minute\" \/>\n<script type=\"application\/ld+json\" class=\"yoast-schema-graph\">{\"@context\":\"https:\\\/\\\/schema.org\",\"@graph\":[{\"@type\":\"WebPage\",\"@id\":\"https:\\\/\\\/youcat.org\\\/faith-faq\\\/\",\"url\":\"https:\\\/\\\/youcat.org\\\/faith-faq\\\/\",\"name\":\"Faith FAQ - YOUCAT\",\"isPartOf\":{\"@id\":\"https:\\\/\\\/youcat.org\\\/#website\"},\"datePublished\":\"2024-04-23T08:28:49+00:00\",\"dateModified\":\"2025-01-23T14:35:55+00:00\",\"breadcrumb\":{\"@id\":\"https:\\\/\\\/youcat.org\\\/faith-faq\\\/#breadcrumb\"},\"inLanguage\":\"fr-FR\",\"potentialAction\":[{\"@type\":\"ReadAction\",\"target\":[\"https:\\\/\\\/youcat.org\\\/faith-faq\\\/\"]}]},{\"@type\":\"BreadcrumbList\",\"@id\":\"https:\\\/\\\/youcat.org\\\/faith-faq\\\/#breadcrumb\",\"itemListElement\":[{\"@type\":\"ListItem\",\"position\":1,\"name\":\"\",\"item\":\"https:\\\/\\\/youcat.org\\\/\"},{\"@type\":\"ListItem\",\"position\":2,\"name\":\"Faith FAQ\"}]},{\"@type\":\"WebSite\",\"@id\":\"https:\\\/\\\/youcat.org\\\/#website\",\"url\":\"https:\\\/\\\/youcat.org\\\/\",\"name\":\"YOUCAT\",\"description\":\"Der Glaube der katholischen Kirche: anschaulich erkl\u00e4rt, innovativ pr\u00e4sentiert, offiziell best\u00e4tigt.\",\"potentialAction\":[{\"@type\":\"SearchAction\",\"target\":{\"@type\":\"EntryPoint\",\"urlTemplate\":\"https:\\\/\\\/youcat.org\\\/?s={search_term_string}\"},\"query-input\":{\"@type\":\"PropertyValueSpecification\",\"valueRequired\":true,\"valueName\":\"search_term_string\"}}],\"inLanguage\":\"fr-FR\"}]}<\/script>\n<!-- \/ Yoast SEO plugin. -->","yoast_head_json":{"title":"FAQ sur la foi - YOUCAT","robots":{"index":"index","follow":"follow","max-snippet":"max-snippet:-1","max-image-preview":"max-image-preview:large","max-video-preview":"max-video-preview:-1"},"canonical":"https:\/\/youcat.org\/fr\/faq-sur-la-foi\/","og_locale":"fr_FR","og_type":"article","og_title":"Faith FAQ - YOUCAT","og_description":"Faith FAQ In this section, readers will find answers to frequently asked questions about faith, theology and practical aspects of the Christian life.","og_url":"https:\/\/youcat.org\/fr\/faq-sur-la-foi\/","og_site_name":"YOUCAT","article_modified_time":"2025-01-23T14:35:55+00:00","twitter_card":"summary_large_image","twitter_misc":{"Dur\u00e9e de lecture estim\u00e9e":"1 minute"},"schema":{"@context":"https:\/\/schema.org","@graph":[{"@type":"WebPage","@id":"https:\/\/youcat.org\/faith-faq\/","url":"https:\/\/youcat.org\/faith-faq\/","name":"FAQ sur la foi - YOUCAT","isPartOf":{"@id":"https:\/\/youcat.org\/#website"},"datePublished":"2024-04-23T08:28:49+00:00","dateModified":"2025-01-23T14:35:55+00:00","breadcrumb":{"@id":"https:\/\/youcat.org\/faith-faq\/#breadcrumb"},"inLanguage":"fr-FR","potentialAction":[{"@type":"ReadAction","target":["https:\/\/youcat.org\/faith-faq\/"]}]},{"@type":"BreadcrumbList","@id":"https:\/\/youcat.org\/faith-faq\/#breadcrumb","itemListElement":[{"@type":"ListItem","position":1,"name":"","item":"https:\/\/youcat.org\/"},{"@type":"ListItem","position":2,"name":"Faith FAQ"}]},{"@type":"WebSite","@id":"https:\/\/youcat.org\/#website","url":"https:\/\/youcat.org\/","name":"YOUCAT,","description":"Der Glaube der katholischen Kirche : anschaulich erkl\u00e4rt, innovativ pr\u00e4sentiert, offiziell best\u00e4tigt.","potentialAction":[{"@type":"SearchAction","target":{"@type":"EntryPoint","urlTemplate":"https:\/\/youcat.org\/?s={search_term_string}"},"query-input":{"@type":"PropertyValueSpecification","valueRequired":true,"valueName":"search_term_string"}}],"inLanguage":"fr-FR"}]}},"jetpack_sharing_enabled":true,"_links":{"self":[{"href":"https:\/\/youcat.org\/fr\/wp-json\/wp\/v2\/pages\/4561","targetHints":{"allow":["GET"]}}],"collection":[{"href":"https:\/\/youcat.org\/fr\/wp-json\/wp\/v2\/pages"}],"about":[{"href":"https:\/\/youcat.org\/fr\/wp-json\/wp\/v2\/types\/page"}],"author":[{"embeddable":true,"href":"https:\/\/youcat.org\/fr\/wp-json\/wp\/v2\/users\/7"}],"replies":[{"embeddable":true,"href":"https:\/\/youcat.org\/fr\/wp-json\/wp\/v2\/comments?post=4561"}],"version-history":[{"count":4,"href":"https:\/\/youcat.org\/fr\/wp-json\/wp\/v2\/pages\/4561\/revisions"}],"predecessor-version":[{"id":4646,"href":"https:\/\/youcat.org\/fr\/wp-json\/wp\/v2\/pages\/4561\/revisions\/4646"}],"wp:attachment":[{"href":"https:\/\/youcat.org\/fr\/wp-json\/wp\/v2\/media?parent=4561"}],"curies":[{"name":"wp","href":"https:\/\/api.w.org\/{rel}","templated":true}]}}