{"id":1568,"date":"2023-07-19T11:58:10","date_gmt":"2023-07-19T10:58:10","guid":{"rendered":"https:\/\/youcat.org\/?page_id=1568"},"modified":"2023-07-26T04:49:06","modified_gmt":"2023-07-26T03:49:06","slug":"don","status":"publish","type":"page","link":"https:\/\/youcat.org\/fr\/don\/","title":{"rendered":"Votre don"},"content":{"rendered":"<p>Soutenez notre travail<\/p>\n<h1><strong>Faire un don pour garder la foi<\/strong><\/h1>\n<p>Do you also dream of youth, young families, and children who are fascinated and excited by what Jesus is saying to us through His Church? Support us in finding new ways to inspire even more young people for Jesus and his church. We create books, websites, apps and other materials with the ambition &#8211; to explain faith in an easy to understand way, to illustrate it visually appealing and to have the support of the Pope.<\/p>\n\t<iframe loading=\"lazy\" src=\"https:\/\/donorbox.org\/embed\/spenden-website\" name=\"donorbox\" allowpaymentrequest=\"allowpaymentrequest\" seamless=\"seamless\" frameborder=\"0\" scrolling=\"no\" height=\"900px\" width=\"100%\"><\/iframe>\n\t\t\t\t<img loading=\"lazy\" decoding=\"async\" src=\"https:\/\/youcat.org\/wp-content\/uploads\/2023\/07\/youcat-donate-graphic.svg\" alt=\"youcat-donate-graphic\" itemprop=\"image\" height=\"111\" width=\"81\" title=\"youcat-donate-graphic\" onerror=\"this.style.display='none'\"  \/>\n<h2>\n\t\tD'autres moyens de nous soutenir:\n\t<\/h2>\n\t<h3>Priez pour nous<\/h3>\n<p>Nos actions sont fermement ancr\u00e9es dans la pri\u00e8re. Nous prions \u00e9galement chaque jour pour tous les utilisateurs du mat\u00e9riel YOUCAT. Votre pri\u00e8re pour nous est le soutien le plus important pour nous.<\/p>\n\t<h3>Faire un don hors ligne<\/h3>\n<p>Si vous souhaitez faire un don en utilisant votre propre transfert, vous trouverez nos coordonn\u00e9es bancaires ici:<\/p>\n<p><img loading=\"lazy\" decoding=\"async\" src=\"https:\/\/youcat.org\/wp-content\/uploads\/2023\/07\/youcat-donate-information-300x113.webp\" alt=\"\" width=\"300\" height=\"113\" \/><\/p>\n\t<h3>B\u00e9n\u00e9vole<\/h3>\n<p>Nous recherchons des b\u00e9n\u00e9voles pour aider \u00e0 la cr\u00e9ation de contenu et \u00e0 la traduction. Si vous \u00eates int\u00e9ress\u00e9, inscrivez-vous sur : <a href=\"mailto:account@youcat.org\">account@youcat.org<\/a><\/p>","protected":false},"excerpt":{"rendered":"<p>Support our work Challenging Young People to live the Faith Do you also dream of youth, young families, and children who are fascinated and excited by what Jesus is saying to us through His Church? Support us in finding new ways to inspire even more young people for Jesus and his church. We create books,&hellip;<\/p>","protected":false},"author":9,"featured_media":0,"parent":0,"menu_order":0,"comment_status":"closed","ping_status":"closed","template":"","meta":{"_acf_changed":false,"inline_featured_image":false,"footnotes":""},"class_list":["post-1568","page","type-page","status-publish","hentry"],"acf":[],"yoast_head":"<!-- This site is optimized with the Yoast SEO plugin v27.4 - https:\/\/yoast.com\/product\/yoast-seo-wordpress\/ -->\n<title>Donate - YOUCAT<\/title>\n<meta name=\"robots\" content=\"index, follow, max-snippet:-1, max-image-preview:large, max-video-preview:-1\" \/>\n<link rel=\"canonical\" href=\"https:\/\/youcat.org\/fr\/don\/\" \/>\n<meta property=\"og:locale\" content=\"fr_FR\" \/>\n<meta property=\"og:type\" content=\"article\" \/>\n<meta property=\"og:title\" content=\"Donate - YOUCAT\" \/>\n<meta property=\"og:description\" content=\"Support our work Challenging Young People to live the Faith Do you also dream of youth, young families, and children who are fascinated and excited by what Jesus is saying to us through His Church? Support us in finding new ways to inspire even more young people for Jesus and his church. We create books,&hellip;\" \/>\n<meta property=\"og:url\" content=\"https:\/\/youcat.org\/fr\/don\/\" \/>\n<meta property=\"og:site_name\" content=\"YOUCAT\" \/>\n<meta property=\"article:modified_time\" content=\"2023-07-26T03:49:06+00:00\" \/>\n<meta property=\"og:image\" content=\"https:\/\/youcat.org\/wp-content\/uploads\/2023\/07\/youcat-donate-graphic.svg\" \/>\n<meta name=\"twitter:card\" content=\"summary_large_image\" \/>\n<script type=\"application\/ld+json\" class=\"yoast-schema-graph\">{\"@context\":\"https:\\\/\\\/schema.org\",\"@graph\":[{\"@type\":\"WebPage\",\"@id\":\"https:\\\/\\\/youcat.org\\\/donate\\\/\",\"url\":\"https:\\\/\\\/youcat.org\\\/donate\\\/\",\"name\":\"Donate - YOUCAT\",\"isPartOf\":{\"@id\":\"https:\\\/\\\/youcat.org\\\/#website\"},\"primaryImageOfPage\":{\"@id\":\"https:\\\/\\\/youcat.org\\\/donate\\\/#primaryimage\"},\"image\":{\"@id\":\"https:\\\/\\\/youcat.org\\\/donate\\\/#primaryimage\"},\"thumbnailUrl\":\"https:\\\/\\\/youcat.org\\\/wp-content\\\/uploads\\\/2023\\\/07\\\/youcat-donate-graphic.svg\",\"datePublished\":\"2023-07-19T10:58:10+00:00\",\"dateModified\":\"2023-07-26T03:49:06+00:00\",\"breadcrumb\":{\"@id\":\"https:\\\/\\\/youcat.org\\\/donate\\\/#breadcrumb\"},\"inLanguage\":\"fr-FR\",\"potentialAction\":[{\"@type\":\"ReadAction\",\"target\":[\"https:\\\/\\\/youcat.org\\\/donate\\\/\"]}]},{\"@type\":\"ImageObject\",\"inLanguage\":\"fr-FR\",\"@id\":\"https:\\\/\\\/youcat.org\\\/donate\\\/#primaryimage\",\"url\":\"https:\\\/\\\/youcat.org\\\/wp-content\\\/uploads\\\/2023\\\/07\\\/youcat-donate-graphic.svg\",\"contentUrl\":\"https:\\\/\\\/youcat.org\\\/wp-content\\\/uploads\\\/2023\\\/07\\\/youcat-donate-graphic.svg\"},{\"@type\":\"BreadcrumbList\",\"@id\":\"https:\\\/\\\/youcat.org\\\/donate\\\/#breadcrumb\",\"itemListElement\":[{\"@type\":\"ListItem\",\"position\":1,\"name\":\"\",\"item\":\"https:\\\/\\\/youcat.org\\\/\"},{\"@type\":\"ListItem\",\"position\":2,\"name\":\"Donate\"}]},{\"@type\":\"WebSite\",\"@id\":\"https:\\\/\\\/youcat.org\\\/#website\",\"url\":\"https:\\\/\\\/youcat.org\\\/\",\"name\":\"YOUCAT\",\"description\":\"Der Glaube der katholischen Kirche: anschaulich erkl\u00e4rt, innovativ pr\u00e4sentiert, offiziell best\u00e4tigt.\",\"potentialAction\":[{\"@type\":\"SearchAction\",\"target\":{\"@type\":\"EntryPoint\",\"urlTemplate\":\"https:\\\/\\\/youcat.org\\\/?s={search_term_string}\"},\"query-input\":{\"@type\":\"PropertyValueSpecification\",\"valueRequired\":true,\"valueName\":\"search_term_string\"}}],\"inLanguage\":\"fr-FR\"}]}<\/script>\n<!-- \/ Yoast SEO plugin. -->","yoast_head_json":{"title":"Don - YOUCAT","robots":{"index":"index","follow":"follow","max-snippet":"max-snippet:-1","max-image-preview":"max-image-preview:large","max-video-preview":"max-video-preview:-1"},"canonical":"https:\/\/youcat.org\/fr\/don\/","og_locale":"fr_FR","og_type":"article","og_title":"Donate - YOUCAT","og_description":"Support our work Challenging Young People to live the Faith Do you also dream of youth, young families, and children who are fascinated and excited by what Jesus is saying to us through His Church? Support us in finding new ways to inspire even more young people for Jesus and his church. We create books,&hellip;","og_url":"https:\/\/youcat.org\/fr\/don\/","og_site_name":"YOUCAT","article_modified_time":"2023-07-26T03:49:06+00:00","og_image":[{"url":"https:\/\/youcat.org\/wp-content\/uploads\/2023\/07\/youcat-donate-graphic.svg","type":"","width":"","height":""}],"twitter_card":"summary_large_image","schema":{"@context":"https:\/\/schema.org","@graph":[{"@type":"WebPage","@id":"https:\/\/youcat.org\/donate\/","url":"https:\/\/youcat.org\/donate\/","name":"Don - YOUCAT","isPartOf":{"@id":"https:\/\/youcat.org\/#website"},"primaryImageOfPage":{"@id":"https:\/\/youcat.org\/donate\/#primaryimage"},"image":{"@id":"https:\/\/youcat.org\/donate\/#primaryimage"},"thumbnailUrl":"https:\/\/youcat.org\/wp-content\/uploads\/2023\/07\/youcat-donate-graphic.svg","datePublished":"2023-07-19T10:58:10+00:00","dateModified":"2023-07-26T03:49:06+00:00","breadcrumb":{"@id":"https:\/\/youcat.org\/donate\/#breadcrumb"},"inLanguage":"fr-FR","potentialAction":[{"@type":"ReadAction","target":["https:\/\/youcat.org\/donate\/"]}]},{"@type":"ImageObject","inLanguage":"fr-FR","@id":"https:\/\/youcat.org\/donate\/#primaryimage","url":"https:\/\/youcat.org\/wp-content\/uploads\/2023\/07\/youcat-donate-graphic.svg","contentUrl":"https:\/\/youcat.org\/wp-content\/uploads\/2023\/07\/youcat-donate-graphic.svg"},{"@type":"BreadcrumbList","@id":"https:\/\/youcat.org\/donate\/#breadcrumb","itemListElement":[{"@type":"ListItem","position":1,"name":"","item":"https:\/\/youcat.org\/"},{"@type":"ListItem","position":2,"name":"Donate"}]},{"@type":"WebSite","@id":"https:\/\/youcat.org\/#website","url":"https:\/\/youcat.org\/","name":"YOUCAT,","description":"Der Glaube der katholischen Kirche : anschaulich erkl\u00e4rt, innovativ pr\u00e4sentiert, offiziell best\u00e4tigt.","potentialAction":[{"@type":"SearchAction","target":{"@type":"EntryPoint","urlTemplate":"https:\/\/youcat.org\/?s={search_term_string}"},"query-input":{"@type":"PropertyValueSpecification","valueRequired":true,"valueName":"search_term_string"}}],"inLanguage":"fr-FR"}]}},"jetpack_sharing_enabled":true,"_links":{"self":[{"href":"https:\/\/youcat.org\/fr\/wp-json\/wp\/v2\/pages\/1568","targetHints":{"allow":["GET"]}}],"collection":[{"href":"https:\/\/youcat.org\/fr\/wp-json\/wp\/v2\/pages"}],"about":[{"href":"https:\/\/youcat.org\/fr\/wp-json\/wp\/v2\/types\/page"}],"author":[{"embeddable":true,"href":"https:\/\/youcat.org\/fr\/wp-json\/wp\/v2\/users\/9"}],"replies":[{"embeddable":true,"href":"https:\/\/youcat.org\/fr\/wp-json\/wp\/v2\/comments?post=1568"}],"version-history":[{"count":17,"href":"https:\/\/youcat.org\/fr\/wp-json\/wp\/v2\/pages\/1568\/revisions"}],"predecessor-version":[{"id":3194,"href":"https:\/\/youcat.org\/fr\/wp-json\/wp\/v2\/pages\/1568\/revisions\/3194"}],"wp:attachment":[{"href":"https:\/\/youcat.org\/fr\/wp-json\/wp\/v2\/media?parent=1568"}],"curies":[{"name":"wp","href":"https:\/\/api.w.org\/{rel}","templated":true}]}}