{"id":4553,"date":"2024-04-23T09:24:44","date_gmt":"2024-04-23T08:24:44","guid":{"rendered":"https:\/\/youcat.dev\/?page_id=4553"},"modified":"2024-05-07T14:59:10","modified_gmt":"2024-05-07T13:59:10","slug":"los-diez-mandamientos","status":"publish","type":"page","link":"https:\/\/youcat.org\/es\/los-diez-mandamientos\/","title":{"rendered":"Ten Commandments"},"content":{"rendered":"<h1>Ten Commandments<\/h1>\n\t<span><span><a href=\"https:\/\/youcat.org\/es\/\"><span class=\"icon yc-icon-yc-home-filled\"><\/span><\/a><\/span><\/span>\n\t<p>Contiene una lista de reglas religiosas y \u00e9ticas fundamentales para el juda\u00edsmo y el cristianismo. Nos recuerdan que nuestras acciones tienen consecuencias y que vivimos en una comunidad donde el bienestar de todos es importante. \u00bfQu\u00e9 tiene que ver la observancia de los Diez Mandamientos con una vida feliz?<\/p>","protected":false},"excerpt":{"rendered":"<p>Ten Commandments The Ten Commandments comprise a list of religious and ethical rules that are fundamental in Judaism and Christianity. They remind us that our actions have consequences and that we live in a community where the well-being of all is important. What does compliance with the Ten Commandments have to do with living a&hellip;<\/p>","protected":false},"author":7,"featured_media":0,"parent":0,"menu_order":0,"comment_status":"closed","ping_status":"closed","template":"","meta":{"_acf_changed":false,"inline_featured_image":false,"footnotes":""},"class_list":["post-4553","page","type-page","status-publish","hentry"],"acf":[],"yoast_head":"<!-- This site is optimized with the Yoast SEO plugin v27.5 - https:\/\/yoast.com\/product\/yoast-seo-wordpress\/ -->\n<title>Ten Commandments - YOUCAT<\/title>\n<meta name=\"robots\" content=\"index, follow, max-snippet:-1, max-image-preview:large, max-video-preview:-1\" \/>\n<link rel=\"canonical\" href=\"https:\/\/youcat.org\/es\/los-diez-mandamientos\/\" \/>\n<meta property=\"og:locale\" content=\"es_ES\" \/>\n<meta property=\"og:type\" content=\"article\" \/>\n<meta property=\"og:title\" content=\"Ten Commandments - YOUCAT\" \/>\n<meta property=\"og:description\" content=\"Ten Commandments The Ten Commandments comprise a list of religious and ethical rules that are fundamental in Judaism and Christianity. They remind us that our actions have consequences and that we live in a community where the well-being of all is important. What does compliance with the Ten Commandments have to do with living a&hellip;\" \/>\n<meta property=\"og:url\" content=\"https:\/\/youcat.org\/es\/los-diez-mandamientos\/\" \/>\n<meta property=\"og:site_name\" content=\"YOUCAT\" \/>\n<meta property=\"article:modified_time\" content=\"2024-05-07T13:59:10+00:00\" \/>\n<meta name=\"twitter:card\" content=\"summary_large_image\" \/>\n<script type=\"application\/ld+json\" class=\"yoast-schema-graph\">{\"@context\":\"https:\\\/\\\/schema.org\",\"@graph\":[{\"@type\":\"WebPage\",\"@id\":\"https:\\\/\\\/youcat.org\\\/ten-commandments\\\/\",\"url\":\"https:\\\/\\\/youcat.org\\\/ten-commandments\\\/\",\"name\":\"Ten Commandments - YOUCAT\",\"isPartOf\":{\"@id\":\"https:\\\/\\\/youcat.org\\\/#website\"},\"datePublished\":\"2024-04-23T08:24:44+00:00\",\"dateModified\":\"2024-05-07T13:59:10+00:00\",\"breadcrumb\":{\"@id\":\"https:\\\/\\\/youcat.org\\\/ten-commandments\\\/#breadcrumb\"},\"inLanguage\":\"es\",\"potentialAction\":[{\"@type\":\"ReadAction\",\"target\":[\"https:\\\/\\\/youcat.org\\\/ten-commandments\\\/\"]}]},{\"@type\":\"BreadcrumbList\",\"@id\":\"https:\\\/\\\/youcat.org\\\/ten-commandments\\\/#breadcrumb\",\"itemListElement\":[{\"@type\":\"ListItem\",\"position\":1,\"name\":\"\",\"item\":\"https:\\\/\\\/youcat.org\\\/\"},{\"@type\":\"ListItem\",\"position\":2,\"name\":\"Ten Commandments\"}]},{\"@type\":\"WebSite\",\"@id\":\"https:\\\/\\\/youcat.org\\\/#website\",\"url\":\"https:\\\/\\\/youcat.org\\\/\",\"name\":\"YOUCAT\",\"description\":\"Der Glaube der katholischen Kirche: anschaulich erkl\u00e4rt, innovativ pr\u00e4sentiert, offiziell best\u00e4tigt.\",\"potentialAction\":[{\"@type\":\"SearchAction\",\"target\":{\"@type\":\"EntryPoint\",\"urlTemplate\":\"https:\\\/\\\/youcat.org\\\/?s={search_term_string}\"},\"query-input\":{\"@type\":\"PropertyValueSpecification\",\"valueRequired\":true,\"valueName\":\"search_term_string\"}}],\"inLanguage\":\"es\"}]}<\/script>\n<!-- \/ Yoast SEO plugin. -->","yoast_head_json":{"title":"Los diez Mandamientos","robots":{"index":"index","follow":"follow","max-snippet":"max-snippet:-1","max-image-preview":"max-image-preview:large","max-video-preview":"max-video-preview:-1"},"canonical":"https:\/\/youcat.org\/es\/los-diez-mandamientos\/","og_locale":"es_ES","og_type":"article","og_title":"Ten Commandments - YOUCAT","og_description":"Ten Commandments The Ten Commandments comprise a list of religious and ethical rules that are fundamental in Judaism and Christianity. They remind us that our actions have consequences and that we live in a community where the well-being of all is important. What does compliance with the Ten Commandments have to do with living a&hellip;","og_url":"https:\/\/youcat.org\/es\/los-diez-mandamientos\/","og_site_name":"YOUCAT","article_modified_time":"2024-05-07T13:59:10+00:00","twitter_card":"summary_large_image","schema":{"@context":"https:\/\/schema.org","@graph":[{"@type":"WebPage","@id":"https:\/\/youcat.org\/ten-commandments\/","url":"https:\/\/youcat.org\/ten-commandments\/","name":"Los diez Mandamientos","isPartOf":{"@id":"https:\/\/youcat.org\/#website"},"datePublished":"2024-04-23T08:24:44+00:00","dateModified":"2024-05-07T13:59:10+00:00","breadcrumb":{"@id":"https:\/\/youcat.org\/ten-commandments\/#breadcrumb"},"inLanguage":"es","potentialAction":[{"@type":"ReadAction","target":["https:\/\/youcat.org\/ten-commandments\/"]}]},{"@type":"BreadcrumbList","@id":"https:\/\/youcat.org\/ten-commandments\/#breadcrumb","itemListElement":[{"@type":"ListItem","position":1,"name":"","item":"https:\/\/youcat.org\/"},{"@type":"ListItem","position":2,"name":"Ten Commandments"}]},{"@type":"WebSite","@id":"https:\/\/youcat.org\/#website","url":"https:\/\/youcat.org\/","name":"YOUCAT","description":"El Glaubio de la Iglesia cat\u00f3lica: ilustrado, presentado de forma innovadora y publicado oficialmente.","potentialAction":[{"@type":"SearchAction","target":{"@type":"EntryPoint","urlTemplate":"https:\/\/youcat.org\/?s={search_term_string}"},"query-input":{"@type":"PropertyValueSpecification","valueRequired":true,"valueName":"search_term_string"}}],"inLanguage":"es"}]}},"jetpack_sharing_enabled":true,"_links":{"self":[{"href":"https:\/\/youcat.org\/es\/wp-json\/wp\/v2\/pages\/4553","targetHints":{"allow":["GET"]}}],"collection":[{"href":"https:\/\/youcat.org\/es\/wp-json\/wp\/v2\/pages"}],"about":[{"href":"https:\/\/youcat.org\/es\/wp-json\/wp\/v2\/types\/page"}],"author":[{"embeddable":true,"href":"https:\/\/youcat.org\/es\/wp-json\/wp\/v2\/users\/7"}],"replies":[{"embeddable":true,"href":"https:\/\/youcat.org\/es\/wp-json\/wp\/v2\/comments?post=4553"}],"version-history":[{"count":4,"href":"https:\/\/youcat.org\/es\/wp-json\/wp\/v2\/pages\/4553\/revisions"}],"predecessor-version":[{"id":4647,"href":"https:\/\/youcat.org\/es\/wp-json\/wp\/v2\/pages\/4553\/revisions\/4647"}],"wp:attachment":[{"href":"https:\/\/youcat.org\/es\/wp-json\/wp\/v2\/media?parent=4553"}],"curies":[{"name":"wp","href":"https:\/\/api.w.org\/{rel}","templated":true}]}}