{"id":2708,"date":"2023-07-23T21:12:33","date_gmt":"2023-07-23T20:12:33","guid":{"rendered":"https:\/\/youcat.org\/?page_id=2708"},"modified":"2025-09-25T10:35:32","modified_gmt":"2025-09-25T09:35:32","slug":"youcat-foundation","status":"publish","type":"page","link":"https:\/\/youcat.org\/es\/youcat-foundation\/","title":{"rendered":"Fundaci\u00f3n YOUCAT"},"content":{"rendered":"<span><span><a href=\"https:\/\/youcat.org\/es\/\"><span class=\"icon yc-icon-yc-home-filled\"><\/span><\/a><\/span><\/span>\n\t<p>La Fundaci\u00f3n YOUCAT<\/p>\n<h1>Nuestra misi\u00f3n<\/h1>\n<p><strong>We help young people to get to know, understand, live and pass on the faith of the Catholic Church with joy. Through shared learning, global networking and active participation in books, digital media and catechetical programs, we empower them to act as missionaries in their communities.<\/strong><\/p>\n\t<h2>Sobre YOUCAT<\/h2>\n<p>How do we do this?<\/p>\n<p><strong>1. participatory communication of faith<\/strong><\/p>\n<p>YOUCAT was developed by young people for young people. The participatory approach &#8211; actively involving young people in the design of publications and activities &#8211; is central.<\/p>\n<p><strong>2. official church anchoring and fidelity to the teachings<\/strong><\/p>\n<p>YOUCAT is guided by the official magisterium of the Catholic Church. Its most important publications are recognized by the Church.<\/p>\n<p><strong>3. innovative and appealing design<\/strong><\/p>\n<p>YOUCAT combines the communication of clear theological content with a joyful, humorous, youth-oriented, creative presentation &#8211; using pictures, cartoons and modern language.<\/p>\n<p><strong>4. global networking<\/strong><\/p>\n<p>YOUCAT not only works locally, but also internationally. Networking and sharing faith are essential.<\/p>\n<p><strong>5. old and new instruments for sharing faith<\/strong><\/p>\n<p>In addition to print media, YOUCAT also relies on digital formats, apps, social media and interactive platforms (e.g. forums).<\/p>\n<p><strong>What is the goal?<\/strong><\/p>\n<p>That young Catholics joyfully live the faith and proclaim it in their surroundings through deeds and words.<\/p>\n\t<h1>We are looking for you!<\/h1>\n<p>&nbsp;<\/p>\n<p>Would you like to volunteer with us? Get in touch with us at info@youcat.org<\/p>\n<p>&nbsp;<\/p>\n\t\t\t<a href=\"https:\/\/youcat.org\/es\/productos\/\" target=\"_self\">\n\t\t\t\t\t\t\tMostrar todos los libros\n\t\t\t\t\t<\/a>","protected":false},"excerpt":{"rendered":"<p>The YOUCAT Foundation Mission Statement We help young people to get to know, understand, live and pass on the faith of the Catholic Church with joy. Through shared learning, global networking and active participation in books, digital media and catechetical programs, we empower them to act as missionaries in their communities. About us How do&hellip;<\/p>","protected":false},"author":8,"featured_media":0,"parent":0,"menu_order":0,"comment_status":"closed","ping_status":"closed","template":"","meta":{"_acf_changed":false,"inline_featured_image":false,"footnotes":""},"class_list":["post-2708","page","type-page","status-publish","hentry"],"acf":[],"yoast_head":"<!-- This site is optimized with the Yoast SEO plugin v27.4 - https:\/\/yoast.com\/product\/yoast-seo-wordpress\/ -->\n<title>YOUCAT Foundation - YOUCAT<\/title>\n<meta name=\"robots\" content=\"index, follow, max-snippet:-1, max-image-preview:large, max-video-preview:-1\" \/>\n<link rel=\"canonical\" href=\"https:\/\/youcat.org\/es\/youcat-foundation\/\" \/>\n<meta property=\"og:locale\" content=\"es_ES\" \/>\n<meta property=\"og:type\" content=\"article\" \/>\n<meta property=\"og:title\" content=\"YOUCAT Foundation - YOUCAT\" \/>\n<meta property=\"og:description\" content=\"The YOUCAT Foundation Mission Statement We help young people to get to know, understand, live and pass on the faith of the Catholic Church with joy. Through shared learning, global networking and active participation in books, digital media and catechetical programs, we empower them to act as missionaries in their communities. About us How do&hellip;\" \/>\n<meta property=\"og:url\" content=\"https:\/\/youcat.org\/es\/youcat-foundation\/\" \/>\n<meta property=\"og:site_name\" content=\"YOUCAT\" \/>\n<meta property=\"article:modified_time\" content=\"2025-09-25T09:35:32+00:00\" \/>\n<meta name=\"twitter:card\" content=\"summary_large_image\" \/>\n<meta name=\"twitter:label1\" content=\"Tiempo de lectura\" \/>\n\t<meta name=\"twitter:data1\" content=\"2 minutos\" \/>\n<script type=\"application\/ld+json\" class=\"yoast-schema-graph\">{\"@context\":\"https:\\\/\\\/schema.org\",\"@graph\":[{\"@type\":\"WebPage\",\"@id\":\"https:\\\/\\\/youcat.org\\\/youcat-foundation\\\/\",\"url\":\"https:\\\/\\\/youcat.org\\\/youcat-foundation\\\/\",\"name\":\"YOUCAT Foundation - YOUCAT\",\"isPartOf\":{\"@id\":\"https:\\\/\\\/youcat.org\\\/#website\"},\"datePublished\":\"2023-07-23T20:12:33+00:00\",\"dateModified\":\"2025-09-25T09:35:32+00:00\",\"breadcrumb\":{\"@id\":\"https:\\\/\\\/youcat.org\\\/youcat-foundation\\\/#breadcrumb\"},\"inLanguage\":\"es\",\"potentialAction\":[{\"@type\":\"ReadAction\",\"target\":[\"https:\\\/\\\/youcat.org\\\/youcat-foundation\\\/\"]}]},{\"@type\":\"BreadcrumbList\",\"@id\":\"https:\\\/\\\/youcat.org\\\/youcat-foundation\\\/#breadcrumb\",\"itemListElement\":[{\"@type\":\"ListItem\",\"position\":1,\"name\":\"\",\"item\":\"https:\\\/\\\/youcat.org\\\/\"},{\"@type\":\"ListItem\",\"position\":2,\"name\":\"YOUCAT Foundation\"}]},{\"@type\":\"WebSite\",\"@id\":\"https:\\\/\\\/youcat.org\\\/#website\",\"url\":\"https:\\\/\\\/youcat.org\\\/\",\"name\":\"YOUCAT\",\"description\":\"Der Glaube der katholischen Kirche: anschaulich erkl\u00e4rt, innovativ pr\u00e4sentiert, offiziell best\u00e4tigt.\",\"potentialAction\":[{\"@type\":\"SearchAction\",\"target\":{\"@type\":\"EntryPoint\",\"urlTemplate\":\"https:\\\/\\\/youcat.org\\\/?s={search_term_string}\"},\"query-input\":{\"@type\":\"PropertyValueSpecification\",\"valueRequired\":true,\"valueName\":\"search_term_string\"}}],\"inLanguage\":\"es\"}]}<\/script>\n<!-- \/ Yoast SEO plugin. -->","yoast_head_json":{"title":"YOUCAT Foundation - YOUCAT","robots":{"index":"index","follow":"follow","max-snippet":"max-snippet:-1","max-image-preview":"max-image-preview:large","max-video-preview":"max-video-preview:-1"},"canonical":"https:\/\/youcat.org\/es\/youcat-foundation\/","og_locale":"es_ES","og_type":"article","og_title":"YOUCAT Foundation - YOUCAT","og_description":"The YOUCAT Foundation Mission Statement We help young people to get to know, understand, live and pass on the faith of the Catholic Church with joy. Through shared learning, global networking and active participation in books, digital media and catechetical programs, we empower them to act as missionaries in their communities. About us How do&hellip;","og_url":"https:\/\/youcat.org\/es\/youcat-foundation\/","og_site_name":"YOUCAT","article_modified_time":"2025-09-25T09:35:32+00:00","twitter_card":"summary_large_image","twitter_misc":{"Tiempo de lectura":"2 minutos"},"schema":{"@context":"https:\/\/schema.org","@graph":[{"@type":"WebPage","@id":"https:\/\/youcat.org\/youcat-foundation\/","url":"https:\/\/youcat.org\/youcat-foundation\/","name":"YOUCAT Foundation - YOUCAT","isPartOf":{"@id":"https:\/\/youcat.org\/#website"},"datePublished":"2023-07-23T20:12:33+00:00","dateModified":"2025-09-25T09:35:32+00:00","breadcrumb":{"@id":"https:\/\/youcat.org\/youcat-foundation\/#breadcrumb"},"inLanguage":"es","potentialAction":[{"@type":"ReadAction","target":["https:\/\/youcat.org\/youcat-foundation\/"]}]},{"@type":"BreadcrumbList","@id":"https:\/\/youcat.org\/youcat-foundation\/#breadcrumb","itemListElement":[{"@type":"ListItem","position":1,"name":"","item":"https:\/\/youcat.org\/"},{"@type":"ListItem","position":2,"name":"YOUCAT Foundation"}]},{"@type":"WebSite","@id":"https:\/\/youcat.org\/#website","url":"https:\/\/youcat.org\/","name":"YOUCAT","description":"El Glaubio de la Iglesia cat\u00f3lica: ilustrado, presentado de forma innovadora y publicado oficialmente.","potentialAction":[{"@type":"SearchAction","target":{"@type":"EntryPoint","urlTemplate":"https:\/\/youcat.org\/?s={search_term_string}"},"query-input":{"@type":"PropertyValueSpecification","valueRequired":true,"valueName":"search_term_string"}}],"inLanguage":"es"}]}},"jetpack_sharing_enabled":true,"_links":{"self":[{"href":"https:\/\/youcat.org\/es\/wp-json\/wp\/v2\/pages\/2708","targetHints":{"allow":["GET"]}}],"collection":[{"href":"https:\/\/youcat.org\/es\/wp-json\/wp\/v2\/pages"}],"about":[{"href":"https:\/\/youcat.org\/es\/wp-json\/wp\/v2\/types\/page"}],"author":[{"embeddable":true,"href":"https:\/\/youcat.org\/es\/wp-json\/wp\/v2\/users\/8"}],"replies":[{"embeddable":true,"href":"https:\/\/youcat.org\/es\/wp-json\/wp\/v2\/comments?post=2708"}],"version-history":[{"count":23,"href":"https:\/\/youcat.org\/es\/wp-json\/wp\/v2\/pages\/2708\/revisions"}],"predecessor-version":[{"id":5835,"href":"https:\/\/youcat.org\/es\/wp-json\/wp\/v2\/pages\/2708\/revisions\/5835"}],"wp:attachment":[{"href":"https:\/\/youcat.org\/es\/wp-json\/wp\/v2\/media?parent=2708"}],"curies":[{"name":"wp","href":"https:\/\/api.w.org\/{rel}","templated":true}]}}